{"id":1622,"date":"2025-10-12T23:34:07","date_gmt":"2025-10-12T23:34:07","guid":{"rendered":"https:\/\/baruchhomeimprovement.com\/?page_id=1622"},"modified":"2025-10-20T01:13:18","modified_gmt":"2025-10-20T01:13:18","slug":"siding-services","status":"publish","type":"page","link":"https:\/\/baruchhomeimprovement.com\/es\/siding-services\/","title":{"rendered":"Servicios de revestimientos"},"content":{"rendered":"<div data-elementor-type=\"wp-page\" data-elementor-id=\"1622\" class=\"elementor elementor-1622\" data-elementor-post-type=\"page\">\n\t\t\t\t<div class=\"elementor-element elementor-element-c8f1513 e-flex e-con-boxed e-con e-parent\" data-id=\"c8f1513\" data-element_type=\"container\" data-e-type=\"container\" data-settings=\"{&quot;background_background&quot;:&quot;classic&quot;}\">\n\t\t\t\t\t<div class=\"e-con-inner\">\n\t\t<div class=\"elementor-element elementor-element-e238a3f e-con-full e-flex e-con e-child\" data-id=\"e238a3f\" data-element_type=\"container\" data-e-type=\"container\">\n\t\t\t\t<div class=\"elementor-element elementor-element-024ca05 elementor-widget elementor-widget-heading\" data-id=\"024ca05\" data-element_type=\"widget\" data-e-type=\"widget\" data-widget_type=\"heading.default\">\n\t\t\t\t<div class=\"elementor-widget-container\">\n\t\t\t\t\t<h1 class=\"elementor-heading-title elementor-size-default\">Servicios de revestimientos<\/h1>\t\t\t\t<\/div>\n\t\t\t\t<\/div>\n\t\t\t\t<div class=\"elementor-element elementor-element-66f6130 elementor-widget-divider--view-line elementor-widget elementor-widget-divider\" data-id=\"66f6130\" data-element_type=\"widget\" data-e-type=\"widget\" data-widget_type=\"divider.default\">\n\t\t\t\t<div class=\"elementor-widget-container\">\n\t\t\t\t\t\t\t<div class=\"elementor-divider\">\n\t\t\t<span class=\"elementor-divider-separator\">\n\t\t\t\t\t\t<\/span>\n\t\t<\/div>\n\t\t\t\t\t\t<\/div>\n\t\t\t\t<\/div>\n\t\t\t\t<\/div>\n\t\t\t\t\t<\/div>\n\t\t\t\t<\/div>\n\t\t<div class=\"elementor-element elementor-element-2539b8d e-flex e-con-boxed e-con e-parent\" data-id=\"2539b8d\" data-element_type=\"container\" data-e-type=\"container\" data-settings=\"{&quot;background_background&quot;:&quot;classic&quot;}\">\n\t\t\t\t\t<div class=\"e-con-inner\">\n\t\t<div class=\"elementor-element elementor-element-3aa83e6 e-con-full e-flex e-con e-child\" data-id=\"3aa83e6\" data-element_type=\"container\" data-e-type=\"container\">\n\t\t\t\t<div class=\"elementor-element elementor-element-e0f2fc3 elementor-widget elementor-widget-image\" data-id=\"e0f2fc3\" data-element_type=\"widget\" data-e-type=\"widget\" data-widget_type=\"image.default\">\n\t\t\t\t<div class=\"elementor-widget-container\">\n\t\t\t\t\t\t\t\t\t\t\t\t\t\t\t<img fetchpriority=\"high\" decoding=\"async\" width=\"600\" height=\"800\" src=\"https:\/\/baruchhomeimprovement.com\/wp-content\/uploads\/2025\/10\/All-of-type-of-Roof-and-Siding-in-Elizabeth-NJ-46-1.jpg\" class=\"attachment-large size-large wp-image-1720\" alt=\"all of type of roof and siding in elizabeth nj 46 (1)\" srcset=\"https:\/\/baruchhomeimprovement.com\/wp-content\/uploads\/2025\/10\/All-of-type-of-Roof-and-Siding-in-Elizabeth-NJ-46-1.jpg 600w, https:\/\/baruchhomeimprovement.com\/wp-content\/uploads\/2025\/10\/All-of-type-of-Roof-and-Siding-in-Elizabeth-NJ-46-1-225x300.jpg 225w\" sizes=\"(max-width: 600px) 100vw, 600px\" title=\"Servicios de revestimientos\">\t\t\t\t\t\t\t\t\t\t\t\t\t\t\t<\/div>\n\t\t\t\t<\/div>\n\t\t\t\t<\/div>\n\t\t<div class=\"elementor-element elementor-element-1056e15 e-con-full e-flex e-con e-child\" data-id=\"1056e15\" data-element_type=\"container\" data-e-type=\"container\">\n\t\t\t\t<div class=\"elementor-element elementor-element-e04c208 elementor-widget elementor-widget-heading\" data-id=\"e04c208\" data-element_type=\"widget\" data-e-type=\"widget\" data-widget_type=\"heading.default\">\n\t\t\t\t<div class=\"elementor-widget-container\">\n\t\t\t\t\t<h4 class=\"elementor-heading-title elementor-size-default\">Sevicios de techado\n<\/h4>\t\t\t\t<\/div>\n\t\t\t\t<\/div>\n\t\t\t\t<div class=\"elementor-element elementor-element-5c30480 elementor-widget elementor-widget-text-editor\" data-id=\"5c30480\" data-element_type=\"widget\" data-e-type=\"widget\" data-widget_type=\"text-editor.default\">\n\t\t\t\t<div class=\"elementor-widget-container\">\n\t\t\t\t\t\t\t\t\t<p><strong>Desde nuevas instalaciones de revestimientos hasta reparaciones y mejoras, ofrecemos soluciones de revestimientos que mejoran la apariencia y la protecci\u00f3n de su hogar.<\/strong><\/p>\t\t\t\t\t\t\t\t<\/div>\n\t\t\t\t<\/div>\n\t\t\t\t<div class=\"elementor-element elementor-element-b29ab13 elementor-widget elementor-widget-text-editor\" data-id=\"b29ab13\" data-element_type=\"widget\" data-e-type=\"widget\" data-widget_type=\"text-editor.default\">\n\t\t\t\t<div class=\"elementor-widget-container\">\n\t\t\t\t\t\t\t\t\t<div class=\"column mcb-column mcb-item-ne1dype2g one laptop-one tablet-one mobile-one column_column\"><div class=\"mcb-column-inner mfn-module-wrapper mcb-column-inner-ne1dype2g mcb-item-column-inner\"><div class=\"column_attr mfn-inline-editor clearfix\"><p>En Baruch Home Improvement, ofrecemos una gama completa de servicios de revestimiento para satisfacer sus necesidades. Ya sea que necesite un revestimiento nuevo, reparar paneles da\u00f1ados o mejorar la eficiencia energ\u00e9tica, contamos con la experiencia y los materiales para ofrecerle resultados excelentes.<\/p><p><strong>Instalaci\u00f3n de revestimiento nuevo:<\/strong>\u00a0instalamos materiales de revestimiento de alta calidad para mejorar el atractivo exterior de su hogar y protegerlo de los elementos.<\/p><p><strong>Reparaci\u00f3n de revestimientos:<\/strong>\u00a0reparamos r\u00e1pidamente revestimientos da\u00f1ados, solucionando problemas como grietas, deformaciones o da\u00f1os por agua para mantener la integridad de su hogar.<\/p><p><strong>Reemplazo de revestimiento:<\/strong>\u00a0si su revestimiento ha llegado al final de su vida \u00fatil, ofrecemos opciones de reemplazo eficientes con materiales duraderos y energ\u00e9ticamente eficientes.<\/p><p><strong>Mantenimiento del revestimiento:<\/strong>\u00a0el mantenimiento y las inspecciones regulares ayudan a prolongar la vida \u00fatil del revestimiento y a evitar reparaciones costosas al abordar los problemas de manera temprana.<\/p><\/div><\/div><\/div><div class=\"column mcb-column mcb-item-vgt7fx7jp one laptop-one tablet-one mobile-one column_image\"><div class=\"mcb-column-inner mfn-module-wrapper mcb-column-inner-vgt7fx7jp mcb-item-image-inner\"><div class=\"image_frame image_item no_link scale-with-grid alignnone no_border mfn-coverimg\">\u00a0<\/div><\/div><\/div>\t\t\t\t\t\t\t\t<\/div>\n\t\t\t\t<\/div>\n\t\t\t\t<\/div>\n\t\t\t\t\t<\/div>\n\t\t\t\t<\/div>\n\t\t<div class=\"elementor-element elementor-element-542b8a70 e-flex e-con-boxed e-con e-parent\" data-id=\"542b8a70\" data-element_type=\"container\" data-e-type=\"container\" data-settings=\"{&quot;background_background&quot;:&quot;classic&quot;}\">\n\t\t\t\t\t<div class=\"e-con-inner\">\n\t\t<div class=\"elementor-element elementor-element-458d23eb e-con-full e-flex e-con e-child\" data-id=\"458d23eb\" data-element_type=\"container\" data-e-type=\"container\">\n\t\t\t\t<div class=\"elementor-element elementor-element-4d29e3aa elementor-widget elementor-widget-heading\" data-id=\"4d29e3aa\" data-element_type=\"widget\" data-e-type=\"widget\" data-widget_type=\"heading.default\">\n\t\t\t\t<div class=\"elementor-widget-container\">\n\t\t\t\t\t<h2 class=\"elementor-heading-title elementor-size-default\">\u00a1OBT\u00c9N UN TECHO NUEVO \u2014 SOLO PAGA TU DEDUCIBLE!<\/h2>\t\t\t\t<\/div>\n\t\t\t\t<\/div>\n\t\t\t\t<div class=\"elementor-element elementor-element-6679ce30 elementor-widget elementor-widget-text-editor\" data-id=\"6679ce30\" data-element_type=\"widget\" data-e-type=\"widget\" data-widget_type=\"text-editor.default\">\n\t\t\t\t<div class=\"elementor-widget-container\">\n\t\t\t\t\t\t\t\t\t<p data-start=\"420\" data-end=\"612\">At <strong data-start=\"423\" data-end=\"454\">Baruch Home Improvement LLC<\/strong>hacemos que reemplazar tu techo sea f\u00e1cil y accesible. <strong data-start=\"528\" data-end=\"569\">techo completamente nuevo a trav\u00e9s de tu seguro,<\/strong>y lo \u00fanico que pagas es tu <strong data-start=\"595\" data-end=\"609\">deducible.<\/strong>.<\/p><p data-start=\"619\" data-end=\"748\"><strong data-start=\"622\" data-end=\"646\">Inspecci\u00f3n de techo GRATIS \u2013 Sin compromiso<\/strong> \u2014 No obligation<br data-start=\"662\" data-end=\"665\" \/>Licenciados y Asegurados<br data-start=\"702\" data-end=\"705\" \/>Servicio r\u00e1pido, confiable y de alta calidad<\/p><p data-start=\"755\" data-end=\"814\"><strong>No esperes hasta que sea demasiado tarde \u2014 protege tu hogar hoy mismo.<\/strong><\/p>\t\t\t\t\t\t\t\t<\/div>\n\t\t\t\t<\/div>\n\t\t\t\t<div class=\"elementor-element elementor-element-af8a5c4 elementor-widget elementor-widget-button\" data-id=\"af8a5c4\" data-element_type=\"widget\" data-e-type=\"widget\" data-widget_type=\"button.default\">\n\t\t\t\t<div class=\"elementor-widget-container\">\n\t\t\t\t\t\t\t\t\t<div class=\"elementor-button-wrapper\">\n\t\t\t\t\t<a class=\"elementor-button elementor-button-link elementor-size-sm elementor-animation-pulse-grow\" href=\"tel:&quot;+19086444152&quot;\">\n\t\t\t\t\t\t<span class=\"elementor-button-content-wrapper\">\n\t\t\t\t\t\t<span class=\"elementor-button-icon\">\n\t\t\t\t<i aria-hidden=\"true\" class=\"fas fa-phone-alt\"><\/i>\t\t\t<\/span>\n\t\t\t\t\t\t\t\t\t<span class=\"elementor-button-text\">LLAMA YA PARA ESTIMADOS GRATIS<\/span>\n\t\t\t\t\t<\/span>\n\t\t\t\t\t<\/a>\n\t\t\t\t<\/div>\n\t\t\t\t\t\t\t\t<\/div>\n\t\t\t\t<\/div>\n\t\t\t\t<\/div>\n\t\t<div class=\"elementor-element elementor-element-535dc9df e-con-full e-flex elementor-invisible e-con e-child\" data-id=\"535dc9df\" data-element_type=\"container\" data-e-type=\"container\" data-settings=\"{&quot;animation&quot;:&quot;fadeInRight&quot;}\">\n\t\t\t\t<div class=\"elementor-element elementor-element-461d15dd elementor-widget elementor-widget-image\" data-id=\"461d15dd\" data-element_type=\"widget\" data-e-type=\"widget\" data-widget_type=\"image.default\">\n\t\t\t\t<div class=\"elementor-widget-container\">\n\t\t\t\t\t\t\t\t\t\t\t\t\t\t\t<img decoding=\"async\" width=\"1024\" height=\"824\" src=\"https:\/\/baruchhomeimprovement.com\/wp-content\/uploads\/2025\/10\/hombre-trabajando-en-el-techo-con-un-taladro-1024x824.jpg\" class=\"attachment-large size-large wp-image-2125\" alt=\"hombre trabajando en el techo con un taladro\" srcset=\"https:\/\/baruchhomeimprovement.com\/wp-content\/uploads\/2025\/10\/hombre-trabajando-en-el-techo-con-un-taladro-1024x824.jpg 1024w, https:\/\/baruchhomeimprovement.com\/wp-content\/uploads\/2025\/10\/hombre-trabajando-en-el-techo-con-un-taladro-300x241.jpg 300w, https:\/\/baruchhomeimprovement.com\/wp-content\/uploads\/2025\/10\/hombre-trabajando-en-el-techo-con-un-taladro-768x618.jpg 768w, https:\/\/baruchhomeimprovement.com\/wp-content\/uploads\/2025\/10\/hombre-trabajando-en-el-techo-con-un-taladro-1536x1236.jpg 1536w, https:\/\/baruchhomeimprovement.com\/wp-content\/uploads\/2025\/10\/hombre-trabajando-en-el-techo-con-un-taladro-2048x1648.jpg 2048w\" sizes=\"(max-width: 1024px) 100vw, 1024px\" title=\"Servicios de revestimientos\">\t\t\t\t\t\t\t\t\t\t\t\t\t\t\t<\/div>\n\t\t\t\t<\/div>\n\t\t\t\t<\/div>\n\t\t\t\t\t<\/div>\n\t\t\t\t<\/div>\n\t\t\t\t<\/div>","protected":false},"excerpt":{"rendered":"<p>Siding Services Professional Siding Services From new siding installations to repairs and upgrades, we offer siding solutions that enhance the appearance and protection of your home. At Baruch Home Improvement, we provide a full range of siding services to meet your needs. Whether you need new siding, repairs to damaged panels, or an upgrade to [&hellip;]<\/p>\n","protected":false},"author":1,"featured_media":0,"parent":0,"menu_order":0,"comment_status":"closed","ping_status":"closed","template":"","meta":{"site-sidebar-layout":"no-sidebar","site-content-layout":"page-builder","ast-site-content-layout":"default","site-content-style":"default","site-sidebar-style":"default","ast-global-header-display":"","ast-banner-title-visibility":"","ast-main-header-display":"","ast-hfb-above-header-display":"","ast-hfb-below-header-display":"","ast-hfb-mobile-header-display":"","site-post-title":"disabled","ast-breadcrumbs-content":"disabled","ast-featured-img":"disabled","footer-sml-layout":"","ast-disable-related-posts":"","theme-transparent-header-meta":"enabled","adv-header-id-meta":"","stick-header-meta":"","header-above-stick-meta":"","header-main-stick-meta":"","header-below-stick-meta":"","astra-migrate-meta-layouts":"default","ast-page-background-enabled":"default","ast-page-background-meta":{"desktop":{"background-color":"","background-image":"","background-repeat":"repeat","background-position":"center center","background-size":"auto","background-attachment":"scroll","background-type":"","background-media":"","overlay-type":"","overlay-color":"","overlay-opacity":"","overlay-gradient":""},"tablet":{"background-color":"","background-image":"","background-repeat":"repeat","background-position":"center center","background-size":"auto","background-attachment":"scroll","background-type":"","background-media":"","overlay-type":"","overlay-color":"","overlay-opacity":"","overlay-gradient":""},"mobile":{"background-color":"","background-image":"","background-repeat":"repeat","background-position":"center center","background-size":"auto","background-attachment":"scroll","background-type":"","background-media":"","overlay-type":"","overlay-color":"","overlay-opacity":"","overlay-gradient":""}},"ast-content-background-meta":{"desktop":{"background-color":"var(--ast-global-color-5)","background-image":"","background-repeat":"repeat","background-position":"center center","background-size":"auto","background-attachment":"scroll","background-type":"","background-media":"","overlay-type":"","overlay-color":"","overlay-opacity":"","overlay-gradient":""},"tablet":{"background-color":"var(--ast-global-color-5)","background-image":"","background-repeat":"repeat","background-position":"center center","background-size":"auto","background-attachment":"scroll","background-type":"","background-media":"","overlay-type":"","overlay-color":"","overlay-opacity":"","overlay-gradient":""},"mobile":{"background-color":"var(--ast-global-color-5)","background-image":"","background-repeat":"repeat","background-position":"center center","background-size":"auto","background-attachment":"scroll","background-type":"","background-media":"","overlay-type":"","overlay-color":"","overlay-opacity":"","overlay-gradient":""}},"footnotes":""},"class_list":["post-1622","page","type-page","status-publish","hentry"],"_links":{"self":[{"href":"https:\/\/baruchhomeimprovement.com\/es\/wp-json\/wp\/v2\/pages\/1622","targetHints":{"allow":["GET"]}}],"collection":[{"href":"https:\/\/baruchhomeimprovement.com\/es\/wp-json\/wp\/v2\/pages"}],"about":[{"href":"https:\/\/baruchhomeimprovement.com\/es\/wp-json\/wp\/v2\/types\/page"}],"author":[{"embeddable":true,"href":"https:\/\/baruchhomeimprovement.com\/es\/wp-json\/wp\/v2\/users\/1"}],"replies":[{"embeddable":true,"href":"https:\/\/baruchhomeimprovement.com\/es\/wp-json\/wp\/v2\/comments?post=1622"}],"version-history":[{"count":71,"href":"https:\/\/baruchhomeimprovement.com\/es\/wp-json\/wp\/v2\/pages\/1622\/revisions"}],"predecessor-version":[{"id":2197,"href":"https:\/\/baruchhomeimprovement.com\/es\/wp-json\/wp\/v2\/pages\/1622\/revisions\/2197"}],"wp:attachment":[{"href":"https:\/\/baruchhomeimprovement.com\/es\/wp-json\/wp\/v2\/media?parent=1622"}],"curies":[{"name":"wp","href":"https:\/\/api.w.org\/{rel}","templated":true}]}}