{"id":1497,"date":"2025-10-06T21:13:40","date_gmt":"2025-10-06T21:13:40","guid":{"rendered":"https:\/\/baruchhomeimprovement.com\/?page_id=1497"},"modified":"2025-10-20T01:09:00","modified_gmt":"2025-10-20T01:09:00","slug":"roof-repairs","status":"publish","type":"page","link":"https:\/\/baruchhomeimprovement.com\/es\/roof-repairs\/","title":{"rendered":"Reparaci\u00f3n de techos"},"content":{"rendered":"<div data-elementor-type=\"wp-page\" data-elementor-id=\"1497\" class=\"elementor elementor-1497\" data-elementor-post-type=\"page\">\n\t\t\t\t<div class=\"elementor-element elementor-element-c8f1513 e-flex e-con-boxed e-con e-parent\" data-id=\"c8f1513\" data-element_type=\"container\" data-e-type=\"container\" data-settings=\"{&quot;background_background&quot;:&quot;classic&quot;}\">\n\t\t\t\t\t<div class=\"e-con-inner\">\n\t\t<div class=\"elementor-element elementor-element-e238a3f e-con-full e-flex e-con e-child\" data-id=\"e238a3f\" data-element_type=\"container\" data-e-type=\"container\">\n\t\t\t\t<div class=\"elementor-element elementor-element-024ca05 elementor-widget elementor-widget-heading\" data-id=\"024ca05\" data-element_type=\"widget\" data-e-type=\"widget\" data-widget_type=\"heading.default\">\n\t\t\t\t<div class=\"elementor-widget-container\">\n\t\t\t\t\t<h1 class=\"elementor-heading-title elementor-size-default\">Reparaci\u00f3n de techos<\/h1>\t\t\t\t<\/div>\n\t\t\t\t<\/div>\n\t\t\t\t<div class=\"elementor-element elementor-element-66f6130 elementor-widget-divider--view-line elementor-widget elementor-widget-divider\" data-id=\"66f6130\" data-element_type=\"widget\" data-e-type=\"widget\" data-widget_type=\"divider.default\">\n\t\t\t\t<div class=\"elementor-widget-container\">\n\t\t\t\t\t\t\t<div class=\"elementor-divider\">\n\t\t\t<span class=\"elementor-divider-separator\">\n\t\t\t\t\t\t<\/span>\n\t\t<\/div>\n\t\t\t\t\t\t<\/div>\n\t\t\t\t<\/div>\n\t\t\t\t<\/div>\n\t\t\t\t\t<\/div>\n\t\t\t\t<\/div>\n\t\t<div class=\"elementor-element elementor-element-08fe83c e-flex e-con-boxed e-con e-parent\" data-id=\"08fe83c\" data-element_type=\"container\" data-e-type=\"container\" data-settings=\"{&quot;background_background&quot;:&quot;classic&quot;}\">\n\t\t\t\t\t<div class=\"e-con-inner\">\n\t\t<div class=\"elementor-element elementor-element-5cdfe43 e-con-full e-flex e-con e-child\" data-id=\"5cdfe43\" data-element_type=\"container\" data-e-type=\"container\">\n\t\t\t\t<div class=\"elementor-element elementor-element-927eef5 elementor-widget elementor-widget-heading\" data-id=\"927eef5\" data-element_type=\"widget\" data-e-type=\"widget\" data-widget_type=\"heading.default\">\n\t\t\t\t<div class=\"elementor-widget-container\">\n\t\t\t\t\t<h2 class=\"elementor-heading-title elementor-size-default\">Reparaci\u00f3n de techos<\/h2>\t\t\t\t<\/div>\n\t\t\t\t<\/div>\n\t\t\t\t<div class=\"elementor-element elementor-element-4fc0d89 elementor-widget elementor-widget-text-editor\" data-id=\"4fc0d89\" data-element_type=\"widget\" data-e-type=\"widget\" data-widget_type=\"text-editor.default\">\n\t\t\t\t<div class=\"elementor-widget-container\">\n\t\t\t\t\t\t\t\t\t<p>En Baruch Home Improvement LLC, entendemos que el techo es una de las estructuras m\u00e1s importantes para la protecci\u00f3n y el confort de cualquier propiedad, ya sea residencial o comercial. Un techo bien mantenido no solo protege contra las inclemencias del tiempo, sino que tambi\u00e9n contribuye a la eficiencia energ\u00e9tica y al confort interior. Ya sea que necesite una reparaci\u00f3n menor o una intervenci\u00f3n m\u00e1s extensa, nuestro equipo est\u00e1 listo para garantizar que su techo sea seguro, duradero y eficiente.<\/p>\t\t\t\t\t\t\t\t<\/div>\n\t\t\t\t<\/div>\n\t\t\t\t<div class=\"elementor-element elementor-element-6fa3d1c elementor-widget elementor-widget-heading\" data-id=\"6fa3d1c\" data-element_type=\"widget\" data-e-type=\"widget\" data-widget_type=\"heading.default\">\n\t\t\t\t<div class=\"elementor-widget-container\">\n\t\t\t\t\t<h4 class=\"elementor-heading-title elementor-size-default\">Nuestros servicios de reparaci\u00f3n de techos\n<\/h4>\t\t\t\t<\/div>\n\t\t\t\t<\/div>\n\t\t\t\t<div class=\"elementor-element elementor-element-c617ae0 elementor-widget elementor-widget-text-editor\" data-id=\"c617ae0\" data-element_type=\"widget\" data-e-type=\"widget\" data-widget_type=\"text-editor.default\">\n\t\t\t\t<div class=\"elementor-widget-container\">\n\t\t\t\t\t\t\t\t\t<div class=\"wrap mcb-wrap mcb-wrap-4dmzwaiji one-second tablet-one-second laptop-one-second mobile-one clearfix\" data-desktop-col=\"one-second\" data-laptop-col=\"laptop-one-second\" data-tablet-col=\"tablet-one-second\" data-mobile-col=\"mobile-one\"><div class=\"mcb-wrap-inner mcb-wrap-inner-4dmzwaiji mfn-module-wrapper mfn-wrapper-for-wraps\"><div class=\"column mcb-column mcb-item-rdu9hyxgb one laptop-one tablet-one mobile-one column_column\"><div class=\"mcb-column-inner mfn-module-wrapper mcb-column-inner-rdu9hyxgb mcb-item-column-inner\"><div class=\"column_attr mfn-inline-editor clearfix\"><p>Nuestros servicios de reparaci\u00f3n cubren todo tipo de necesidades, desde da\u00f1os causados \u200b\u200bpor el clima hasta el desgaste general por el paso del tiempo. Ofrecemos soluciones integrales para garantizar que su techo se mantenga en \u00f3ptimas condiciones:<\/p><ul><li aria-level=\"1\"><b>Reparaciones Menores:<\/b>\u00a0Las fugas y peque\u00f1as infiltraciones pueden parecer inofensivas, pero con el tiempo pueden causar problemas graves. En Baruch Home Improvement LLC, nos encargamos de las reparaciones menores antes de que se conviertan en problemas m\u00e1s graves y costosos.<\/li><li aria-level=\"1\"><b>Reparaciones Extensas:<\/b>\u00a0Si su techo ha sufrido da\u00f1os importantes, como despu\u00e9s de una tormenta o si ha llegado al final de su vida \u00fatil, realizamos reparaciones m\u00e1s extensas para restaurar su funcionalidad. Esto incluye la reparaci\u00f3n de vigas, el reemplazo de tejas o secciones da\u00f1adas y el refuerzo de estructuras da\u00f1adas.<\/li><li aria-level=\"1\"><b>Reparaci\u00f3n de Da\u00f1os por Clima:<\/b>\u00a0Los fuertes vientos, las tormentas de granizo y las fuertes nevadas pueden causar da\u00f1os considerables en los techos. Ofrecemos reparaciones especializadas para da\u00f1os causados \u200b\u200bpor el clima, garantizando que su techo quede como nuevo.<\/li><\/ul><\/div><\/div><\/div><\/div><\/div>\t\t\t\t\t\t\t\t<\/div>\n\t\t\t\t<\/div>\n\t\t\t\t<div class=\"elementor-element elementor-element-52c4176 elementor-widget elementor-widget-image\" data-id=\"52c4176\" data-element_type=\"widget\" data-e-type=\"widget\" data-widget_type=\"image.default\">\n\t\t\t\t<div class=\"elementor-widget-container\">\n\t\t\t\t\t\t\t\t\t\t\t\t\t\t\t<img fetchpriority=\"high\" decoding=\"async\" width=\"1024\" height=\"683\" src=\"https:\/\/baruchhomeimprovement.com\/wp-content\/uploads\/2025\/10\/Roof-Repairs-1-1024x683.jpg\" class=\"attachment-large size-large wp-image-1512\" alt=\"roof repairs 1\" srcset=\"https:\/\/baruchhomeimprovement.com\/wp-content\/uploads\/2025\/10\/Roof-Repairs-1-1024x683.jpg 1024w, https:\/\/baruchhomeimprovement.com\/wp-content\/uploads\/2025\/10\/Roof-Repairs-1-300x200.jpg 300w, https:\/\/baruchhomeimprovement.com\/wp-content\/uploads\/2025\/10\/Roof-Repairs-1-768x512.jpg 768w, https:\/\/baruchhomeimprovement.com\/wp-content\/uploads\/2025\/10\/Roof-Repairs-1.jpg 1200w\" sizes=\"(max-width: 1024px) 100vw, 1024px\" title=\"Reparaci\u00f3n de techos\">\t\t\t\t\t\t\t\t\t\t\t\t\t\t\t<\/div>\n\t\t\t\t<\/div>\n\t\t\t\t<\/div>\n\t\t<div class=\"elementor-element elementor-element-6c9854e e-con-full e-flex e-con e-child\" data-id=\"6c9854e\" data-element_type=\"container\" data-e-type=\"container\">\n\t\t\t\t<div class=\"elementor-element elementor-element-253d9d3 elementor-widget elementor-widget-image\" data-id=\"253d9d3\" data-element_type=\"widget\" data-e-type=\"widget\" data-widget_type=\"image.default\">\n\t\t\t\t<div class=\"elementor-widget-container\">\n\t\t\t\t\t\t\t\t\t\t\t\t\t\t\t<img decoding=\"async\" width=\"1024\" height=\"768\" src=\"https:\/\/baruchhomeimprovement.com\/wp-content\/uploads\/2025\/10\/All-of-type-of-Roof-and-Siding-in-Elizabeth-NJ-47-1-1024x768.jpg\" class=\"attachment-large size-large wp-image-1505\" alt=\"all of type of roof and siding in elizabeth nj 47 (1)\" srcset=\"https:\/\/baruchhomeimprovement.com\/wp-content\/uploads\/2025\/10\/All-of-type-of-Roof-and-Siding-in-Elizabeth-NJ-47-1-1024x768.jpg 1024w, https:\/\/baruchhomeimprovement.com\/wp-content\/uploads\/2025\/10\/All-of-type-of-Roof-and-Siding-in-Elizabeth-NJ-47-1-300x225.jpg 300w, https:\/\/baruchhomeimprovement.com\/wp-content\/uploads\/2025\/10\/All-of-type-of-Roof-and-Siding-in-Elizabeth-NJ-47-1-768x576.jpg 768w, https:\/\/baruchhomeimprovement.com\/wp-content\/uploads\/2025\/10\/All-of-type-of-Roof-and-Siding-in-Elizabeth-NJ-47-1-1536x1152.jpg 1536w, https:\/\/baruchhomeimprovement.com\/wp-content\/uploads\/2025\/10\/All-of-type-of-Roof-and-Siding-in-Elizabeth-NJ-47-1.jpg 1600w\" sizes=\"(max-width: 1024px) 100vw, 1024px\" title=\"Reparaci\u00f3n de techos\">\t\t\t\t\t\t\t\t\t\t\t\t\t\t\t<\/div>\n\t\t\t\t<\/div>\n\t\t\t\t<div class=\"elementor-element elementor-element-4fed580 elementor-widget elementor-widget-heading\" data-id=\"4fed580\" data-element_type=\"widget\" data-e-type=\"widget\" data-widget_type=\"heading.default\">\n\t\t\t\t<div class=\"elementor-widget-container\">\n\t\t\t\t\t<h4 class=\"elementor-heading-title elementor-size-default\">Manejo de todos los materiales y estilos de techos<\/h4>\t\t\t\t<\/div>\n\t\t\t\t<\/div>\n\t\t\t\t<div class=\"elementor-element elementor-element-293d5c8 elementor-widget elementor-widget-text-editor\" data-id=\"293d5c8\" data-element_type=\"widget\" data-e-type=\"widget\" data-widget_type=\"text-editor.default\">\n\t\t\t\t<div class=\"elementor-widget-container\">\n\t\t\t\t\t\t\t\t\t<p>En Baruch Home Improvement LLC, contamos con la experiencia y las habilidades necesarias para trabajar con una amplia variedad de materiales y estilos de techos. Esto nos permite ofrecer soluciones personalizadas adaptadas a las necesidades y preferencias de cada cliente. Algunos de los materiales y estilos que trabajamos incluyen:<\/p><ul><li aria-level=\"1\"><b>Tejas de asfalto:<\/b>\u00a0Comunes en viviendas, estas tejas son duraderas y econ\u00f3micas. Nos encargamos de todo tipo de reparaciones, desde el reemplazo de tejas individuales hasta trabajos m\u00e1s complejos.<\/li><li aria-level=\"1\"><b>Techos de metal:<\/b>\u00a0Los techos de metal ofrecen durabilidad y resistencia. Si su techo de metal presenta corrosi\u00f3n o da\u00f1os por impacto, nuestro personal experto puede repararlo eficazmente.<\/li><li aria-level=\"1\"><b>Techos de madera:<\/b>\u00a0Aunque hermosos, los techos de madera requieren un cuidado especial. Nuestra empresa realiza reparaciones que preservan su apariencia y funcionalidad, protegi\u00e9ndolos de la humedad y las plagas.<\/li><li aria-level=\"1\"><b>Techos de teja:<\/b>\u00a0Los techos de teja, populares por su durabilidad y est\u00e9tica, pueden agrietarse o deformarse con el tiempo. Nos aseguramos de reparar cualquier da\u00f1o, manteniendo la integridad del dise\u00f1o original.<\/li><\/ul>\t\t\t\t\t\t\t\t<\/div>\n\t\t\t\t<\/div>\n\t\t\t\t<\/div>\n\t\t\t\t\t<\/div>\n\t\t\t\t<\/div>\n\t\t<div class=\"elementor-element elementor-element-a188b66 e-flex e-con-boxed e-con e-parent\" data-id=\"a188b66\" data-element_type=\"container\" data-e-type=\"container\" data-settings=\"{&quot;background_background&quot;:&quot;classic&quot;}\">\n\t\t\t\t\t<div class=\"e-con-inner\">\n\t\t\t\t<div class=\"elementor-element elementor-element-74bea75 elementor-widget elementor-widget-heading\" data-id=\"74bea75\" data-element_type=\"widget\" data-e-type=\"widget\" data-widget_type=\"heading.default\">\n\t\t\t\t<div class=\"elementor-widget-container\">\n\t\t\t\t\t<h4 class=\"elementor-heading-title elementor-size-default\">Professional Repair Process<\/h4>\t\t\t\t<\/div>\n\t\t\t\t<\/div>\n\t\t\t\t<div class=\"elementor-element elementor-element-d79e262 elementor-widget elementor-widget-text-editor\" data-id=\"d79e262\" data-element_type=\"widget\" data-e-type=\"widget\" data-widget_type=\"text-editor.default\">\n\t\t\t\t<div class=\"elementor-widget-container\">\n\t\t\t\t\t\t\t\t\t<ul><li aria-level=\"1\"><b>Detailed Inspection:<\/b>\u00a0Before starting any project, we conduct a thorough inspection of the roof to identify existing and potential problems. This allows us to offer you an appropriate and transparent solution.<\/li><li aria-level=\"1\"><b>Customized Estimate:<\/b>\u00a0We provide a free, detailed estimate. We\u2019ll explain which parts of the roof need immediate attention and present you with available options.<\/li><li aria-level=\"1\"><b>Precise Repairs:<\/b>\u00a0Once both parties agree, our team works efficiently to complete repairs quickly and professionally, ensuring your roof is in optimal condition.<\/li><\/ul><p><b>24\/7 Support and Emergency Services<\/b><\/p><p>We know that roof issues can occur at any time, and urgent repairs are often needed to prevent further damage. That\u2019s why Baruch Home Improvement LLC offers a 24\/7 emergency service across New Jersey and Staten Island, NY. No matter the time, we are ready to respond to any emergency and protect your property from additional harm.<\/p>\t\t\t\t\t\t\t\t<\/div>\n\t\t\t\t<\/div>\n\t\t\t\t\t<\/div>\n\t\t\t\t<\/div>\n\t\t<div class=\"elementor-element elementor-element-66589e3 e-flex e-con-boxed e-con e-parent\" data-id=\"66589e3\" data-element_type=\"container\" data-e-type=\"container\" data-settings=\"{&quot;background_background&quot;:&quot;classic&quot;}\">\n\t\t\t\t\t<div class=\"e-con-inner\">\n\t\t<div class=\"elementor-element elementor-element-6abb2cf e-con-full e-flex e-con e-child\" data-id=\"6abb2cf\" data-element_type=\"container\" data-e-type=\"container\" data-settings=\"{&quot;background_background&quot;:&quot;classic&quot;}\">\n\t\t\t\t<div class=\"elementor-element elementor-element-5edf0aa elementor-widget elementor-widget-heading\" data-id=\"5edf0aa\" data-element_type=\"widget\" data-e-type=\"widget\" data-widget_type=\"heading.default\">\n\t\t\t\t<div class=\"elementor-widget-container\">\n\t\t\t\t\t<h2 class=\"elementor-heading-title elementor-size-default\">Datos interesantes<\/h2>\t\t\t\t<\/div>\n\t\t\t\t<\/div>\n\t\t<div class=\"elementor-element elementor-element-6f7e5cb e-grid e-con-full e-con e-child\" data-id=\"6f7e5cb\" data-element_type=\"container\" data-e-type=\"container\">\n\t\t\t\t<div class=\"elementor-element elementor-element-d218edc elementor-widget elementor-widget-counter\" data-id=\"d218edc\" data-element_type=\"widget\" data-e-type=\"widget\" data-widget_type=\"counter.default\">\n\t\t\t\t<div class=\"elementor-widget-container\">\n\t\t\t\t\t\t\t<div class=\"elementor-counter\">\n\t\t\t<div class=\"elementor-counter-title\">+15 a\u00f1os de experiencia<\/div>\t\t\t<div class=\"elementor-counter-number-wrapper\">\n\t\t\t\t<span class=\"elementor-counter-number-prefix\">+<\/span>\n\t\t\t\t<span class=\"elementor-counter-number\" data-duration=\"2000\" data-to-value=\"15\" data-from-value=\"0\" data-delimiter=\",\">0<\/span>\n\t\t\t\t<span class=\"elementor-counter-number-suffix\"><\/span>\n\t\t\t<\/div>\n\t\t<\/div>\n\t\t\t\t\t\t<\/div>\n\t\t\t\t<\/div>\n\t\t\t\t<div class=\"elementor-element elementor-element-a7604c3 elementor-widget elementor-widget-counter\" data-id=\"a7604c3\" data-element_type=\"widget\" data-e-type=\"widget\" data-widget_type=\"counter.default\">\n\t\t\t\t<div class=\"elementor-widget-container\">\n\t\t\t\t\t\t\t<div class=\"elementor-counter\">\n\t\t\t<div class=\"elementor-counter-title\">Proyectos completados<\/div>\t\t\t<div class=\"elementor-counter-number-wrapper\">\n\t\t\t\t<span class=\"elementor-counter-number-prefix\"><\/span>\n\t\t\t\t<span class=\"elementor-counter-number\" data-duration=\"2000\" data-to-value=\"100\" data-from-value=\"0\" data-delimiter=\",\">0<\/span>\n\t\t\t\t<span class=\"elementor-counter-number-suffix\">%<\/span>\n\t\t\t<\/div>\n\t\t<\/div>\n\t\t\t\t\t\t<\/div>\n\t\t\t\t<\/div>\n\t\t\t\t<div class=\"elementor-element elementor-element-b6470b8 elementor-widget elementor-widget-counter\" data-id=\"b6470b8\" data-element_type=\"widget\" data-e-type=\"widget\" data-widget_type=\"counter.default\">\n\t\t\t\t<div class=\"elementor-widget-container\">\n\t\t\t\t\t\t\t<div class=\"elementor-counter\">\n\t\t\t<div class=\"elementor-counter-title\">Recomendaciones de clientes<\/div>\t\t\t<div class=\"elementor-counter-number-wrapper\">\n\t\t\t\t<span class=\"elementor-counter-number-prefix\">+<\/span>\n\t\t\t\t<span class=\"elementor-counter-number\" data-duration=\"2000\" data-to-value=\"350\" data-from-value=\"0\" data-delimiter=\",\">0<\/span>\n\t\t\t\t<span class=\"elementor-counter-number-suffix\"><\/span>\n\t\t\t<\/div>\n\t\t<\/div>\n\t\t\t\t\t\t<\/div>\n\t\t\t\t<\/div>\n\t\t\t\t<div class=\"elementor-element elementor-element-36f11e4 elementor-widget elementor-widget-counter\" data-id=\"36f11e4\" data-element_type=\"widget\" data-e-type=\"widget\" data-widget_type=\"counter.default\">\n\t\t\t\t<div class=\"elementor-widget-container\">\n\t\t\t\t\t\t\t<div class=\"elementor-counter\">\n\t\t\t<div class=\"elementor-counter-title\">Nuestros clientes satisfechos<\/div>\t\t\t<div class=\"elementor-counter-number-wrapper\">\n\t\t\t\t<span class=\"elementor-counter-number-prefix\"><\/span>\n\t\t\t\t<span class=\"elementor-counter-number\" data-duration=\"2000\" data-to-value=\"100\" data-from-value=\"0\" data-delimiter=\",\">0<\/span>\n\t\t\t\t<span class=\"elementor-counter-number-suffix\">%<\/span>\n\t\t\t<\/div>\n\t\t<\/div>\n\t\t\t\t\t\t<\/div>\n\t\t\t\t<\/div>\n\t\t\t\t<\/div>\n\t\t\t\t<\/div>\n\t\t\t\t\t<\/div>\n\t\t\t\t<\/div>\n\t\t<div class=\"elementor-element elementor-element-5c008db7 e-flex e-con-boxed e-con e-parent\" data-id=\"5c008db7\" data-element_type=\"container\" data-e-type=\"container\" data-settings=\"{&quot;background_background&quot;:&quot;classic&quot;}\">\n\t\t\t\t\t<div class=\"e-con-inner\">\n\t\t<div class=\"elementor-element elementor-element-77753dd4 e-con-full e-flex e-con e-child\" data-id=\"77753dd4\" data-element_type=\"container\" data-e-type=\"container\">\n\t\t\t\t<div class=\"elementor-element elementor-element-3175c2a3 elementor-widget elementor-widget-heading\" data-id=\"3175c2a3\" data-element_type=\"widget\" data-e-type=\"widget\" data-widget_type=\"heading.default\">\n\t\t\t\t<div class=\"elementor-widget-container\">\n\t\t\t\t\t<h2 class=\"elementor-heading-title elementor-size-default\">\u00a1OBT\u00c9N UN TECHO NUEVO \u2014 SOLO PAGA TU DEDUCIBLE!<\/h2>\t\t\t\t<\/div>\n\t\t\t\t<\/div>\n\t\t\t\t<div class=\"elementor-element elementor-element-4c3a3532 elementor-widget elementor-widget-text-editor\" data-id=\"4c3a3532\" data-element_type=\"widget\" data-e-type=\"widget\" data-widget_type=\"text-editor.default\">\n\t\t\t\t<div class=\"elementor-widget-container\">\n\t\t\t\t\t\t\t\t\t<p data-start=\"420\" data-end=\"612\">At <strong data-start=\"423\" data-end=\"454\">Baruch Home Improvement LLC<\/strong>hacemos que reemplazar tu techo sea f\u00e1cil y accesible. <strong data-start=\"528\" data-end=\"569\">techo completamente nuevo a trav\u00e9s de tu seguro,<\/strong>y lo \u00fanico que pagas es tu <strong data-start=\"595\" data-end=\"609\">deducible.<\/strong>.<\/p><p data-start=\"619\" data-end=\"748\"><strong data-start=\"622\" data-end=\"646\">Inspecci\u00f3n de techo GRATIS \u2013 Sin compromiso<\/strong> \u2014 No obligation<br data-start=\"662\" data-end=\"665\" \/>Licenciados y Asegurados<br data-start=\"702\" data-end=\"705\" \/>Servicio r\u00e1pido, confiable y de alta calidad<\/p><p data-start=\"755\" data-end=\"814\"><strong>No esperes hasta que sea demasiado tarde \u2014 protege tu hogar hoy mismo.<\/strong><\/p>\t\t\t\t\t\t\t\t<\/div>\n\t\t\t\t<\/div>\n\t\t\t\t<div class=\"elementor-element elementor-element-6abe008e elementor-widget elementor-widget-button\" data-id=\"6abe008e\" data-element_type=\"widget\" data-e-type=\"widget\" data-widget_type=\"button.default\">\n\t\t\t\t<div class=\"elementor-widget-container\">\n\t\t\t\t\t\t\t\t\t<div class=\"elementor-button-wrapper\">\n\t\t\t\t\t<a class=\"elementor-button elementor-button-link elementor-size-sm elementor-animation-pulse-grow\" href=\"tel:&quot;+19086444152&quot;\">\n\t\t\t\t\t\t<span class=\"elementor-button-content-wrapper\">\n\t\t\t\t\t\t<span class=\"elementor-button-icon\">\n\t\t\t\t<i aria-hidden=\"true\" class=\"fas fa-phone-alt\"><\/i>\t\t\t<\/span>\n\t\t\t\t\t\t\t\t\t<span class=\"elementor-button-text\">LLAMA YA PARA ESTIMADOS GRATIS<\/span>\n\t\t\t\t\t<\/span>\n\t\t\t\t\t<\/a>\n\t\t\t\t<\/div>\n\t\t\t\t\t\t\t\t<\/div>\n\t\t\t\t<\/div>\n\t\t\t\t<\/div>\n\t\t<div class=\"elementor-element elementor-element-a6f81a0 e-con-full e-flex elementor-invisible e-con e-child\" data-id=\"a6f81a0\" data-element_type=\"container\" data-e-type=\"container\" data-settings=\"{&quot;animation&quot;:&quot;fadeInRight&quot;}\">\n\t\t\t\t<div class=\"elementor-element elementor-element-16b439df elementor-widget elementor-widget-image\" data-id=\"16b439df\" data-element_type=\"widget\" data-e-type=\"widget\" data-widget_type=\"image.default\">\n\t\t\t\t<div class=\"elementor-widget-container\">\n\t\t\t\t\t\t\t\t\t\t\t\t\t\t\t<img decoding=\"async\" width=\"1024\" height=\"824\" src=\"https:\/\/baruchhomeimprovement.com\/wp-content\/uploads\/2025\/10\/hombre-trabajando-en-el-techo-con-un-taladro-1024x824.jpg\" class=\"attachment-large size-large wp-image-2125\" alt=\"hombre trabajando en el techo con un taladro\" srcset=\"https:\/\/baruchhomeimprovement.com\/wp-content\/uploads\/2025\/10\/hombre-trabajando-en-el-techo-con-un-taladro-1024x824.jpg 1024w, https:\/\/baruchhomeimprovement.com\/wp-content\/uploads\/2025\/10\/hombre-trabajando-en-el-techo-con-un-taladro-300x241.jpg 300w, https:\/\/baruchhomeimprovement.com\/wp-content\/uploads\/2025\/10\/hombre-trabajando-en-el-techo-con-un-taladro-768x618.jpg 768w, https:\/\/baruchhomeimprovement.com\/wp-content\/uploads\/2025\/10\/hombre-trabajando-en-el-techo-con-un-taladro-1536x1236.jpg 1536w, https:\/\/baruchhomeimprovement.com\/wp-content\/uploads\/2025\/10\/hombre-trabajando-en-el-techo-con-un-taladro-2048x1648.jpg 2048w\" sizes=\"(max-width: 1024px) 100vw, 1024px\" title=\"Reparaci\u00f3n de techos\">\t\t\t\t\t\t\t\t\t\t\t\t\t\t\t<\/div>\n\t\t\t\t<\/div>\n\t\t\t\t<\/div>\n\t\t\t\t\t<\/div>\n\t\t\t\t<\/div>\n\t\t\t\t<\/div>","protected":false},"excerpt":{"rendered":"<p>Roof Repairs Roof Repairs At Baruch Home Improvement LLC, we understand that the roof is one of the most crucial structures for the protection and comfort of any property, whether residential or commercial. A well-maintained roof not only protects against weather elements but also contributes to energy efficiency and indoor comfort. Whether you need a [&hellip;]<\/p>\n","protected":false},"author":1,"featured_media":0,"parent":0,"menu_order":0,"comment_status":"closed","ping_status":"closed","template":"","meta":{"site-sidebar-layout":"no-sidebar","site-content-layout":"page-builder","ast-site-content-layout":"default","site-content-style":"default","site-sidebar-style":"default","ast-global-header-display":"","ast-banner-title-visibility":"","ast-main-header-display":"","ast-hfb-above-header-display":"","ast-hfb-below-header-display":"","ast-hfb-mobile-header-display":"","site-post-title":"disabled","ast-breadcrumbs-content":"disabled","ast-featured-img":"disabled","footer-sml-layout":"","ast-disable-related-posts":"","theme-transparent-header-meta":"enabled","adv-header-id-meta":"","stick-header-meta":"","header-above-stick-meta":"","header-main-stick-meta":"","header-below-stick-meta":"","astra-migrate-meta-layouts":"default","ast-page-background-enabled":"default","ast-page-background-meta":{"desktop":{"background-color":"","background-image":"","background-repeat":"repeat","background-position":"center center","background-size":"auto","background-attachment":"scroll","background-type":"","background-media":"","overlay-type":"","overlay-color":"","overlay-opacity":"","overlay-gradient":""},"tablet":{"background-color":"","background-image":"","background-repeat":"repeat","background-position":"center center","background-size":"auto","background-attachment":"scroll","background-type":"","background-media":"","overlay-type":"","overlay-color":"","overlay-opacity":"","overlay-gradient":""},"mobile":{"background-color":"","background-image":"","background-repeat":"repeat","background-position":"center center","background-size":"auto","background-attachment":"scroll","background-type":"","background-media":"","overlay-type":"","overlay-color":"","overlay-opacity":"","overlay-gradient":""}},"ast-content-background-meta":{"desktop":{"background-color":"var(--ast-global-color-5)","background-image":"","background-repeat":"repeat","background-position":"center center","background-size":"auto","background-attachment":"scroll","background-type":"","background-media":"","overlay-type":"","overlay-color":"","overlay-opacity":"","overlay-gradient":""},"tablet":{"background-color":"var(--ast-global-color-5)","background-image":"","background-repeat":"repeat","background-position":"center center","background-size":"auto","background-attachment":"scroll","background-type":"","background-media":"","overlay-type":"","overlay-color":"","overlay-opacity":"","overlay-gradient":""},"mobile":{"background-color":"var(--ast-global-color-5)","background-image":"","background-repeat":"repeat","background-position":"center center","background-size":"auto","background-attachment":"scroll","background-type":"","background-media":"","overlay-type":"","overlay-color":"","overlay-opacity":"","overlay-gradient":""}},"footnotes":""},"class_list":["post-1497","page","type-page","status-publish","hentry"],"_links":{"self":[{"href":"https:\/\/baruchhomeimprovement.com\/es\/wp-json\/wp\/v2\/pages\/1497","targetHints":{"allow":["GET"]}}],"collection":[{"href":"https:\/\/baruchhomeimprovement.com\/es\/wp-json\/wp\/v2\/pages"}],"about":[{"href":"https:\/\/baruchhomeimprovement.com\/es\/wp-json\/wp\/v2\/types\/page"}],"author":[{"embeddable":true,"href":"https:\/\/baruchhomeimprovement.com\/es\/wp-json\/wp\/v2\/users\/1"}],"replies":[{"embeddable":true,"href":"https:\/\/baruchhomeimprovement.com\/es\/wp-json\/wp\/v2\/comments?post=1497"}],"version-history":[{"count":31,"href":"https:\/\/baruchhomeimprovement.com\/es\/wp-json\/wp\/v2\/pages\/1497\/revisions"}],"predecessor-version":[{"id":2177,"href":"https:\/\/baruchhomeimprovement.com\/es\/wp-json\/wp\/v2\/pages\/1497\/revisions\/2177"}],"wp:attachment":[{"href":"https:\/\/baruchhomeimprovement.com\/es\/wp-json\/wp\/v2\/media?parent=1497"}],"curies":[{"name":"wp","href":"https:\/\/api.w.org\/{rel}","templated":true}]}}