{"id":1460,"date":"2025-10-06T21:07:42","date_gmt":"2025-10-06T21:07:42","guid":{"rendered":"https:\/\/baruchhomeimprovement.com\/?page_id=1460"},"modified":"2025-10-20T01:08:13","modified_gmt":"2025-10-20T01:08:13","slug":"gutter-installations","status":"publish","type":"page","link":"https:\/\/baruchhomeimprovement.com\/es\/gutter-installations\/","title":{"rendered":"Instalaciones de canalones"},"content":{"rendered":"<div data-elementor-type=\"wp-page\" data-elementor-id=\"1460\" class=\"elementor elementor-1460\" data-elementor-post-type=\"page\">\n\t\t\t\t<div class=\"elementor-element elementor-element-c8f1513 e-flex e-con-boxed e-con e-parent\" data-id=\"c8f1513\" data-element_type=\"container\" data-e-type=\"container\" data-settings=\"{&quot;background_background&quot;:&quot;classic&quot;}\">\n\t\t\t\t\t<div class=\"e-con-inner\">\n\t\t<div class=\"elementor-element elementor-element-e238a3f e-con-full e-flex e-con e-child\" data-id=\"e238a3f\" data-element_type=\"container\" data-e-type=\"container\">\n\t\t\t\t<div class=\"elementor-element elementor-element-024ca05 elementor-widget elementor-widget-heading\" data-id=\"024ca05\" data-element_type=\"widget\" data-e-type=\"widget\" data-widget_type=\"heading.default\">\n\t\t\t\t<div class=\"elementor-widget-container\">\n\t\t\t\t\t<h1 class=\"elementor-heading-title elementor-size-default\">Instalaciones de canalones<\/h1>\t\t\t\t<\/div>\n\t\t\t\t<\/div>\n\t\t\t\t<div class=\"elementor-element elementor-element-66f6130 elementor-widget-divider--view-line elementor-widget elementor-widget-divider\" data-id=\"66f6130\" data-element_type=\"widget\" data-e-type=\"widget\" data-widget_type=\"divider.default\">\n\t\t\t\t<div class=\"elementor-widget-container\">\n\t\t\t\t\t\t\t<div class=\"elementor-divider\">\n\t\t\t<span class=\"elementor-divider-separator\">\n\t\t\t\t\t\t<\/span>\n\t\t<\/div>\n\t\t\t\t\t\t<\/div>\n\t\t\t\t<\/div>\n\t\t\t\t<\/div>\n\t\t\t\t\t<\/div>\n\t\t\t\t<\/div>\n\t\t<div class=\"elementor-element elementor-element-08fe83c e-flex e-con-boxed e-con e-parent\" data-id=\"08fe83c\" data-element_type=\"container\" data-e-type=\"container\" data-settings=\"{&quot;background_background&quot;:&quot;classic&quot;}\">\n\t\t\t\t\t<div class=\"e-con-inner\">\n\t\t<div class=\"elementor-element elementor-element-4dba799 e-con-full e-flex e-con e-child\" data-id=\"4dba799\" data-element_type=\"container\" data-e-type=\"container\">\n\t\t\t\t<div class=\"elementor-element elementor-element-9eba170 elementor-widget elementor-widget-image\" data-id=\"9eba170\" data-element_type=\"widget\" data-e-type=\"widget\" data-widget_type=\"image.default\">\n\t\t\t\t<div class=\"elementor-widget-container\">\n\t\t\t\t\t\t\t\t\t\t\t\t\t\t\t<img fetchpriority=\"high\" decoding=\"async\" width=\"1024\" height=\"576\" src=\"https:\/\/baruchhomeimprovement.com\/wp-content\/uploads\/2025\/10\/Roof-Gutter-Installations-1024x576.png\" class=\"attachment-large size-large wp-image-1465\" alt=\"roof gutter installations\" srcset=\"https:\/\/baruchhomeimprovement.com\/wp-content\/uploads\/2025\/10\/Roof-Gutter-Installations-1024x576.png 1024w, https:\/\/baruchhomeimprovement.com\/wp-content\/uploads\/2025\/10\/Roof-Gutter-Installations-300x169.png 300w, https:\/\/baruchhomeimprovement.com\/wp-content\/uploads\/2025\/10\/Roof-Gutter-Installations-768x432.png 768w, https:\/\/baruchhomeimprovement.com\/wp-content\/uploads\/2025\/10\/Roof-Gutter-Installations-1536x864.png 1536w, https:\/\/baruchhomeimprovement.com\/wp-content\/uploads\/2025\/10\/Roof-Gutter-Installations.png 1600w\" sizes=\"(max-width: 1024px) 100vw, 1024px\" title=\"Instalaciones de canalones\">\t\t\t\t\t\t\t\t\t\t\t\t\t\t\t<\/div>\n\t\t\t\t<\/div>\n\t\t\t\t<div class=\"elementor-element elementor-element-e603db3 elementor-widget elementor-widget-text-editor\" data-id=\"e603db3\" data-element_type=\"widget\" data-e-type=\"widget\" data-widget_type=\"text-editor.default\">\n\t\t\t\t<div class=\"elementor-widget-container\">\n\t\t\t\t\t\t\t\t\t<div class=\"wrap mcb-wrap mcb-wrap-4dmzwaiji one-second tablet-one-second laptop-one-second mobile-one clearfix\" data-desktop-col=\"one-second\" data-laptop-col=\"laptop-one-second\" data-tablet-col=\"tablet-one-second\" data-mobile-col=\"mobile-one\"><div class=\"mcb-wrap-inner mcb-wrap-inner-4dmzwaiji mfn-module-wrapper mfn-wrapper-for-wraps\"><div class=\"column mcb-column mcb-item-rdu9hyxgb one laptop-one tablet-one mobile-one column_column\"><div class=\"mcb-column-inner mfn-module-wrapper mcb-column-inner-rdu9hyxgb mcb-item-column-inner\"><div class=\"column_attr mfn-inline-editor clearfix\"><ul><li aria-level=\"1\"><b>Fugas:<\/b>\u00a0El agua sin control puede filtrarse en paredes, techos o cimientos, causando da\u00f1os importantes y costosos.<\/li><li aria-level=\"1\"><b>Erosi\u00f3n:<\/b>\u00a0La falta de un sistema de canaletas adecuado provoca la erosi\u00f3n del suelo alrededor de la propiedad, debilitando la estructura y afectando \u00e1reas como el jard\u00edn o el paisaje.<\/li><li aria-level=\"1\"><b>Deterioro del techo:<\/b>\u00a0Sin un buen sistema de canaletas, el agua puede acumularse en el techo, aumentando el riesgo de goteras y da\u00f1os estructurales al techo.<\/li><li aria-level=\"1\"><b>Da\u00f1os en los cimientos:<\/b>\u00a0El agua acumulada alrededor de los cimientos puede provocar grietas o desplazamiento del suelo, lo que compromete la estabilidad de su hogar o negocio.<\/li><\/ul><\/div><\/div><\/div><\/div><\/div>\t\t\t\t\t\t\t\t<\/div>\n\t\t\t\t<\/div>\n\t\t\t\t<div class=\"elementor-element elementor-element-776cbd0 elementor-widget elementor-widget-image\" data-id=\"776cbd0\" data-element_type=\"widget\" data-e-type=\"widget\" data-widget_type=\"image.default\">\n\t\t\t\t<div class=\"elementor-widget-container\">\n\t\t\t\t\t\t\t\t\t\t\t\t\t\t\t<img decoding=\"async\" width=\"1024\" height=\"683\" src=\"https:\/\/baruchhomeimprovement.com\/wp-content\/uploads\/2025\/10\/Roof-Gutter-Installations-2-1-1024x683.jpg\" class=\"attachment-large size-large wp-image-1493\" alt=\"roof gutter installations 2 1\" srcset=\"https:\/\/baruchhomeimprovement.com\/wp-content\/uploads\/2025\/10\/Roof-Gutter-Installations-2-1-1024x683.jpg 1024w, https:\/\/baruchhomeimprovement.com\/wp-content\/uploads\/2025\/10\/Roof-Gutter-Installations-2-1-300x200.jpg 300w, https:\/\/baruchhomeimprovement.com\/wp-content\/uploads\/2025\/10\/Roof-Gutter-Installations-2-1-768x512.jpg 768w, https:\/\/baruchhomeimprovement.com\/wp-content\/uploads\/2025\/10\/Roof-Gutter-Installations-2-1.jpg 1500w\" sizes=\"(max-width: 1024px) 100vw, 1024px\" title=\"Instalaciones de canalones\">\t\t\t\t\t\t\t\t\t\t\t\t\t\t\t<\/div>\n\t\t\t\t<\/div>\n\t\t\t\t<\/div>\n\t\t<div class=\"elementor-element elementor-element-5cdfe43 e-con-full e-flex e-con e-child\" data-id=\"5cdfe43\" data-element_type=\"container\" data-e-type=\"container\">\n\t\t\t\t<div class=\"elementor-element elementor-element-927eef5 elementor-widget elementor-widget-heading\" data-id=\"927eef5\" data-element_type=\"widget\" data-e-type=\"widget\" data-widget_type=\"heading.default\">\n\t\t\t\t<div class=\"elementor-widget-container\">\n\t\t\t\t\t<h2 class=\"elementor-heading-title elementor-size-default\">Instalaci\u00f3n de canalones.<\/h2>\t\t\t\t<\/div>\n\t\t\t\t<\/div>\n\t\t\t\t<div class=\"elementor-element elementor-element-4fc0d89 elementor-widget elementor-widget-text-editor\" data-id=\"4fc0d89\" data-element_type=\"widget\" data-e-type=\"widget\" data-widget_type=\"text-editor.default\">\n\t\t\t\t<div class=\"elementor-widget-container\">\n\t\t\t\t\t\t\t\t\t<p>En Baruch Home Improvement LLC, comprendemos la importancia de proteger su hogar o negocio de los efectos nocivos del agua. Una instalaci\u00f3n adecuada de canaletas es esencial para prevenir problemas estructurales graves causados \u200b\u200bpor la acumulaci\u00f3n de agua en los techos. Ofrecemos soluciones de calidad para la instalaci\u00f3n de canaletas que garantizan una protecci\u00f3n y un rendimiento duraderos.<\/p>\t\t\t\t\t\t\t\t<\/div>\n\t\t\t\t<\/div>\n\t\t\t\t<div class=\"elementor-element elementor-element-6fa3d1c elementor-widget elementor-widget-heading\" data-id=\"6fa3d1c\" data-element_type=\"widget\" data-e-type=\"widget\" data-widget_type=\"heading.default\">\n\t\t\t\t<div class=\"elementor-widget-container\">\n\t\t\t\t\t<h4 class=\"elementor-heading-title elementor-size-default\">\u00bfPor qu\u00e9 es importante la instalaci\u00f3n de canaletas?<\/h4>\t\t\t\t<\/div>\n\t\t\t\t<\/div>\n\t\t\t\t<div class=\"elementor-element elementor-element-c617ae0 elementor-widget elementor-widget-text-editor\" data-id=\"c617ae0\" data-element_type=\"widget\" data-e-type=\"widget\" data-widget_type=\"text-editor.default\">\n\t\t\t\t<div class=\"elementor-widget-container\">\n\t\t\t\t\t\t\t\t\t<div class=\"wrap mcb-wrap mcb-wrap-4dmzwaiji one-second tablet-one-second laptop-one-second mobile-one clearfix\" data-desktop-col=\"one-second\" data-laptop-col=\"laptop-one-second\" data-tablet-col=\"tablet-one-second\" data-mobile-col=\"mobile-one\"><div class=\"mcb-wrap-inner mcb-wrap-inner-4dmzwaiji mfn-module-wrapper mfn-wrapper-for-wraps\"><div class=\"column mcb-column mcb-item-rdu9hyxgb one laptop-one tablet-one mobile-one column_column\"><div class=\"mcb-column-inner mfn-module-wrapper mcb-column-inner-rdu9hyxgb mcb-item-column-inner\"><div class=\"column_attr mfn-inline-editor clearfix\"><p>Las canaletas son esenciales para desviar el agua de lluvia de los cimientos y las paredes de su propiedad, evitando problemas como:<\/p><\/div><\/div><\/div><\/div><\/div>\t\t\t\t\t\t\t\t<\/div>\n\t\t\t\t<\/div>\n\t\t\t\t<div class=\"elementor-element elementor-element-55feb94 elementor-widget elementor-widget-heading\" data-id=\"55feb94\" data-element_type=\"widget\" data-e-type=\"widget\" data-widget_type=\"heading.default\">\n\t\t\t\t<div class=\"elementor-widget-container\">\n\t\t\t\t\t<h4 class=\"elementor-heading-title elementor-size-default\">Sistemas de canalones de calidad<\/h4>\t\t\t\t<\/div>\n\t\t\t\t<\/div>\n\t\t\t\t<div class=\"elementor-element elementor-element-216ee47 elementor-widget elementor-widget-text-editor\" data-id=\"216ee47\" data-element_type=\"widget\" data-e-type=\"widget\" data-widget_type=\"text-editor.default\">\n\t\t\t\t<div class=\"elementor-widget-container\">\n\t\t\t\t\t\t\t\t\t<div class=\"wrap mcb-wrap mcb-wrap-4dmzwaiji one-second tablet-one-second laptop-one-second mobile-one clearfix\" data-desktop-col=\"one-second\" data-laptop-col=\"laptop-one-second\" data-tablet-col=\"tablet-one-second\" data-mobile-col=\"mobile-one\"><div class=\"mcb-wrap-inner mcb-wrap-inner-4dmzwaiji mfn-module-wrapper mfn-wrapper-for-wraps\"><div class=\"column mcb-column mcb-item-rdu9hyxgb one laptop-one tablet-one mobile-one column_column\"><div class=\"mcb-column-inner mfn-module-wrapper mcb-column-inner-rdu9hyxgb mcb-item-column-inner\"><div class=\"column_attr mfn-inline-editor clearfix\"><p>En Baruch Home Improvement LLC, trabajamos exclusivamente con materiales duraderos y de alta resistencia, dise\u00f1ados para soportar condiciones clim\u00e1ticas adversas, especialmente en zonas con fuertes lluvias, viento o nieve. Nuestros sistemas de canaletas est\u00e1n dise\u00f1ados para funcionar eficientemente a lo largo del tiempo sin necesidad de mantenimiento frecuente.<\/p><ul><li aria-level=\"1\"><b>Materiales de primera calidad:<\/b>\u00a0Utilizamos canaletas de aluminio, acero o vinilo de alta calidad, seg\u00fan sus necesidades y presupuesto. Estos materiales no solo son duraderos, sino tambi\u00e9n resistentes a la corrosi\u00f3n y al desgaste.<\/li><li aria-level=\"1\"><b>Instalaci\u00f3n Profesional:<\/b>\u00a0Nuestro equipo profesional garantiza una instalaci\u00f3n precisa adaptada a las caracter\u00edsticas de su techo, asegurando que el sistema funcione de manera \u00f3ptima y eficiente.<\/li><li aria-level=\"1\"><b>Soluciones personalizadas:<\/b>\u00a0Sabemos que cada propiedad es \u00fanica. Ofrecemos sistemas de canaletas personalizados para satisfacer las necesidades espec\u00edficas de cada cliente, desde propiedades residenciales hasta grandes edificios comerciales.<\/li><\/ul><\/div><\/div><\/div><\/div><\/div>\t\t\t\t\t\t\t\t<\/div>\n\t\t\t\t<\/div>\n\t\t\t\t<\/div>\n\t\t\t\t\t<\/div>\n\t\t\t\t<\/div>\n\t\t<div class=\"elementor-element elementor-element-a188b66 e-flex e-con-boxed e-con e-parent\" data-id=\"a188b66\" data-element_type=\"container\" data-e-type=\"container\" data-settings=\"{&quot;background_background&quot;:&quot;classic&quot;}\">\n\t\t\t\t\t<div class=\"e-con-inner\">\n\t\t<div class=\"elementor-element elementor-element-2252ae9 e-con-full e-flex e-con e-child\" data-id=\"2252ae9\" data-element_type=\"container\" data-e-type=\"container\" data-settings=\"{&quot;background_background&quot;:&quot;classic&quot;}\">\n\t\t\t\t<div class=\"elementor-element elementor-element-50cc43a elementor-widget elementor-widget-heading\" data-id=\"50cc43a\" data-element_type=\"widget\" data-e-type=\"widget\" data-widget_type=\"heading.default\">\n\t\t\t\t<div class=\"elementor-widget-container\">\n\t\t\t\t\t<h2 class=\"elementor-heading-title elementor-size-default\">Datos interesantes<\/h2>\t\t\t\t<\/div>\n\t\t\t\t<\/div>\n\t\t<div class=\"elementor-element elementor-element-cad849a e-grid e-con-full e-con e-child\" data-id=\"cad849a\" data-element_type=\"container\" data-e-type=\"container\">\n\t\t\t\t<div class=\"elementor-element elementor-element-e9ae024 elementor-widget elementor-widget-counter\" data-id=\"e9ae024\" data-element_type=\"widget\" data-e-type=\"widget\" data-widget_type=\"counter.default\">\n\t\t\t\t<div class=\"elementor-widget-container\">\n\t\t\t\t\t\t\t<div class=\"elementor-counter\">\n\t\t\t<div class=\"elementor-counter-title\">+15 a\u00f1os de experiencia<\/div>\t\t\t<div class=\"elementor-counter-number-wrapper\">\n\t\t\t\t<span class=\"elementor-counter-number-prefix\">+<\/span>\n\t\t\t\t<span class=\"elementor-counter-number\" data-duration=\"2000\" data-to-value=\"15\" data-from-value=\"0\" data-delimiter=\",\">0<\/span>\n\t\t\t\t<span class=\"elementor-counter-number-suffix\"><\/span>\n\t\t\t<\/div>\n\t\t<\/div>\n\t\t\t\t\t\t<\/div>\n\t\t\t\t<\/div>\n\t\t\t\t<div class=\"elementor-element elementor-element-8cbe44f elementor-widget elementor-widget-counter\" data-id=\"8cbe44f\" data-element_type=\"widget\" data-e-type=\"widget\" data-widget_type=\"counter.default\">\n\t\t\t\t<div class=\"elementor-widget-container\">\n\t\t\t\t\t\t\t<div class=\"elementor-counter\">\n\t\t\t<div class=\"elementor-counter-title\">Proyectos completados<\/div>\t\t\t<div class=\"elementor-counter-number-wrapper\">\n\t\t\t\t<span class=\"elementor-counter-number-prefix\"><\/span>\n\t\t\t\t<span class=\"elementor-counter-number\" data-duration=\"2000\" data-to-value=\"100\" data-from-value=\"0\" data-delimiter=\",\">0<\/span>\n\t\t\t\t<span class=\"elementor-counter-number-suffix\">%<\/span>\n\t\t\t<\/div>\n\t\t<\/div>\n\t\t\t\t\t\t<\/div>\n\t\t\t\t<\/div>\n\t\t\t\t<div class=\"elementor-element elementor-element-eb95499 elementor-widget elementor-widget-counter\" data-id=\"eb95499\" data-element_type=\"widget\" data-e-type=\"widget\" data-widget_type=\"counter.default\">\n\t\t\t\t<div class=\"elementor-widget-container\">\n\t\t\t\t\t\t\t<div class=\"elementor-counter\">\n\t\t\t<div class=\"elementor-counter-title\">Recomendaciones de clientes<\/div>\t\t\t<div class=\"elementor-counter-number-wrapper\">\n\t\t\t\t<span class=\"elementor-counter-number-prefix\">+<\/span>\n\t\t\t\t<span class=\"elementor-counter-number\" data-duration=\"2000\" data-to-value=\"350\" data-from-value=\"0\" data-delimiter=\",\">0<\/span>\n\t\t\t\t<span class=\"elementor-counter-number-suffix\"><\/span>\n\t\t\t<\/div>\n\t\t<\/div>\n\t\t\t\t\t\t<\/div>\n\t\t\t\t<\/div>\n\t\t\t\t<div class=\"elementor-element elementor-element-34e3ed7 elementor-widget elementor-widget-counter\" data-id=\"34e3ed7\" data-element_type=\"widget\" data-e-type=\"widget\" data-widget_type=\"counter.default\">\n\t\t\t\t<div class=\"elementor-widget-container\">\n\t\t\t\t\t\t\t<div class=\"elementor-counter\">\n\t\t\t<div class=\"elementor-counter-title\">Nuestros clientes satisfechos<\/div>\t\t\t<div class=\"elementor-counter-number-wrapper\">\n\t\t\t\t<span class=\"elementor-counter-number-prefix\"><\/span>\n\t\t\t\t<span class=\"elementor-counter-number\" data-duration=\"2000\" data-to-value=\"100\" data-from-value=\"0\" data-delimiter=\",\">0<\/span>\n\t\t\t\t<span class=\"elementor-counter-number-suffix\">%<\/span>\n\t\t\t<\/div>\n\t\t<\/div>\n\t\t\t\t\t\t<\/div>\n\t\t\t\t<\/div>\n\t\t\t\t<\/div>\n\t\t\t\t<\/div>\n\t\t\t\t\t<\/div>\n\t\t\t\t<\/div>\n\t\t<div class=\"elementor-element elementor-element-60194f15 e-flex e-con-boxed e-con e-parent\" data-id=\"60194f15\" data-element_type=\"container\" data-e-type=\"container\" data-settings=\"{&quot;background_background&quot;:&quot;classic&quot;}\">\n\t\t\t\t\t<div class=\"e-con-inner\">\n\t\t<div class=\"elementor-element elementor-element-5299609f e-con-full e-flex e-con e-child\" data-id=\"5299609f\" data-element_type=\"container\" data-e-type=\"container\">\n\t\t\t\t<div class=\"elementor-element elementor-element-b546f6a elementor-widget elementor-widget-heading\" data-id=\"b546f6a\" data-element_type=\"widget\" data-e-type=\"widget\" data-widget_type=\"heading.default\">\n\t\t\t\t<div class=\"elementor-widget-container\">\n\t\t\t\t\t<h2 class=\"elementor-heading-title elementor-size-default\">\u00a1OBT\u00c9N UN TECHO NUEVO \u2014 SOLO PAGA TU DEDUCIBLE!<\/h2>\t\t\t\t<\/div>\n\t\t\t\t<\/div>\n\t\t\t\t<div class=\"elementor-element elementor-element-8fc41a3 elementor-widget elementor-widget-text-editor\" data-id=\"8fc41a3\" data-element_type=\"widget\" data-e-type=\"widget\" data-widget_type=\"text-editor.default\">\n\t\t\t\t<div class=\"elementor-widget-container\">\n\t\t\t\t\t\t\t\t\t<p data-start=\"420\" data-end=\"612\">At <strong data-start=\"423\" data-end=\"454\">Baruch Home Improvement LLC<\/strong>hacemos que reemplazar tu techo sea f\u00e1cil y accesible. <strong data-start=\"528\" data-end=\"569\">techo completamente nuevo a trav\u00e9s de tu seguro,<\/strong>y lo \u00fanico que pagas es tu <strong data-start=\"595\" data-end=\"609\">deducible.<\/strong>.<\/p><p data-start=\"619\" data-end=\"748\"><strong data-start=\"622\" data-end=\"646\">Inspecci\u00f3n de techo GRATIS \u2013 Sin compromiso<\/strong> \u2014 No obligation<br data-start=\"662\" data-end=\"665\" \/>Licenciados y Asegurados<br data-start=\"702\" data-end=\"705\" \/>Servicio r\u00e1pido, confiable y de alta calidad<\/p><p data-start=\"755\" data-end=\"814\"><strong>No esperes hasta que sea demasiado tarde \u2014 protege tu hogar hoy mismo.<\/strong><\/p>\t\t\t\t\t\t\t\t<\/div>\n\t\t\t\t<\/div>\n\t\t\t\t<div class=\"elementor-element elementor-element-5d8d8514 elementor-widget elementor-widget-button\" data-id=\"5d8d8514\" data-element_type=\"widget\" data-e-type=\"widget\" data-widget_type=\"button.default\">\n\t\t\t\t<div class=\"elementor-widget-container\">\n\t\t\t\t\t\t\t\t\t<div class=\"elementor-button-wrapper\">\n\t\t\t\t\t<a class=\"elementor-button elementor-button-link elementor-size-sm elementor-animation-pulse-grow\" href=\"tel:&quot;+19086444152&quot;\">\n\t\t\t\t\t\t<span class=\"elementor-button-content-wrapper\">\n\t\t\t\t\t\t<span class=\"elementor-button-icon\">\n\t\t\t\t<i aria-hidden=\"true\" class=\"fas fa-phone-alt\"><\/i>\t\t\t<\/span>\n\t\t\t\t\t\t\t\t\t<span class=\"elementor-button-text\">LLAMA YA PARA ESTIMADOS GRATIS<\/span>\n\t\t\t\t\t<\/span>\n\t\t\t\t\t<\/a>\n\t\t\t\t<\/div>\n\t\t\t\t\t\t\t\t<\/div>\n\t\t\t\t<\/div>\n\t\t\t\t<\/div>\n\t\t<div class=\"elementor-element elementor-element-34278666 e-con-full e-flex elementor-invisible e-con e-child\" data-id=\"34278666\" data-element_type=\"container\" data-e-type=\"container\" data-settings=\"{&quot;animation&quot;:&quot;fadeInRight&quot;}\">\n\t\t\t\t<div class=\"elementor-element elementor-element-24ef0fb3 elementor-widget elementor-widget-image\" data-id=\"24ef0fb3\" data-element_type=\"widget\" data-e-type=\"widget\" data-widget_type=\"image.default\">\n\t\t\t\t<div class=\"elementor-widget-container\">\n\t\t\t\t\t\t\t\t\t\t\t\t\t\t\t<img decoding=\"async\" width=\"1024\" height=\"824\" src=\"https:\/\/baruchhomeimprovement.com\/wp-content\/uploads\/2025\/10\/hombre-trabajando-en-el-techo-con-un-taladro-1024x824.jpg\" class=\"attachment-large size-large wp-image-2125\" alt=\"hombre trabajando en el techo con un taladro\" srcset=\"https:\/\/baruchhomeimprovement.com\/wp-content\/uploads\/2025\/10\/hombre-trabajando-en-el-techo-con-un-taladro-1024x824.jpg 1024w, https:\/\/baruchhomeimprovement.com\/wp-content\/uploads\/2025\/10\/hombre-trabajando-en-el-techo-con-un-taladro-300x241.jpg 300w, https:\/\/baruchhomeimprovement.com\/wp-content\/uploads\/2025\/10\/hombre-trabajando-en-el-techo-con-un-taladro-768x618.jpg 768w, https:\/\/baruchhomeimprovement.com\/wp-content\/uploads\/2025\/10\/hombre-trabajando-en-el-techo-con-un-taladro-1536x1236.jpg 1536w, https:\/\/baruchhomeimprovement.com\/wp-content\/uploads\/2025\/10\/hombre-trabajando-en-el-techo-con-un-taladro-2048x1648.jpg 2048w\" sizes=\"(max-width: 1024px) 100vw, 1024px\" title=\"Instalaciones de canalones\">\t\t\t\t\t\t\t\t\t\t\t\t\t\t\t<\/div>\n\t\t\t\t<\/div>\n\t\t\t\t<\/div>\n\t\t\t\t\t<\/div>\n\t\t\t\t<\/div>\n\t\t\t\t<\/div>","protected":false},"excerpt":{"rendered":"<p>Gutter Installations Leaks:\u00a0Uncontrolled water can seep into walls, ceilings, or foundations, causing significant and costly damage. Erosion:\u00a0A lack of a proper gutter system causes soil erosion around the property, weakening the structure and affecting areas like the garden or landscape. Roof Deterioration:\u00a0Without a good gutter system, water can accumulate on the roof, increasing the risk [&hellip;]<\/p>\n","protected":false},"author":1,"featured_media":0,"parent":0,"menu_order":0,"comment_status":"closed","ping_status":"closed","template":"","meta":{"site-sidebar-layout":"no-sidebar","site-content-layout":"page-builder","ast-site-content-layout":"default","site-content-style":"default","site-sidebar-style":"default","ast-global-header-display":"","ast-banner-title-visibility":"","ast-main-header-display":"","ast-hfb-above-header-display":"","ast-hfb-below-header-display":"","ast-hfb-mobile-header-display":"","site-post-title":"disabled","ast-breadcrumbs-content":"disabled","ast-featured-img":"disabled","footer-sml-layout":"","ast-disable-related-posts":"","theme-transparent-header-meta":"enabled","adv-header-id-meta":"","stick-header-meta":"","header-above-stick-meta":"","header-main-stick-meta":"","header-below-stick-meta":"","astra-migrate-meta-layouts":"default","ast-page-background-enabled":"default","ast-page-background-meta":{"desktop":{"background-color":"","background-image":"","background-repeat":"repeat","background-position":"center center","background-size":"auto","background-attachment":"scroll","background-type":"","background-media":"","overlay-type":"","overlay-color":"","overlay-opacity":"","overlay-gradient":""},"tablet":{"background-color":"","background-image":"","background-repeat":"repeat","background-position":"center center","background-size":"auto","background-attachment":"scroll","background-type":"","background-media":"","overlay-type":"","overlay-color":"","overlay-opacity":"","overlay-gradient":""},"mobile":{"background-color":"","background-image":"","background-repeat":"repeat","background-position":"center center","background-size":"auto","background-attachment":"scroll","background-type":"","background-media":"","overlay-type":"","overlay-color":"","overlay-opacity":"","overlay-gradient":""}},"ast-content-background-meta":{"desktop":{"background-color":"var(--ast-global-color-5)","background-image":"","background-repeat":"repeat","background-position":"center center","background-size":"auto","background-attachment":"scroll","background-type":"","background-media":"","overlay-type":"","overlay-color":"","overlay-opacity":"","overlay-gradient":""},"tablet":{"background-color":"var(--ast-global-color-5)","background-image":"","background-repeat":"repeat","background-position":"center center","background-size":"auto","background-attachment":"scroll","background-type":"","background-media":"","overlay-type":"","overlay-color":"","overlay-opacity":"","overlay-gradient":""},"mobile":{"background-color":"var(--ast-global-color-5)","background-image":"","background-repeat":"repeat","background-position":"center center","background-size":"auto","background-attachment":"scroll","background-type":"","background-media":"","overlay-type":"","overlay-color":"","overlay-opacity":"","overlay-gradient":""}},"footnotes":""},"class_list":["post-1460","page","type-page","status-publish","hentry"],"_links":{"self":[{"href":"https:\/\/baruchhomeimprovement.com\/es\/wp-json\/wp\/v2\/pages\/1460","targetHints":{"allow":["GET"]}}],"collection":[{"href":"https:\/\/baruchhomeimprovement.com\/es\/wp-json\/wp\/v2\/pages"}],"about":[{"href":"https:\/\/baruchhomeimprovement.com\/es\/wp-json\/wp\/v2\/types\/page"}],"author":[{"embeddable":true,"href":"https:\/\/baruchhomeimprovement.com\/es\/wp-json\/wp\/v2\/users\/1"}],"replies":[{"embeddable":true,"href":"https:\/\/baruchhomeimprovement.com\/es\/wp-json\/wp\/v2\/comments?post=1460"}],"version-history":[{"count":37,"href":"https:\/\/baruchhomeimprovement.com\/es\/wp-json\/wp\/v2\/pages\/1460\/revisions"}],"predecessor-version":[{"id":2173,"href":"https:\/\/baruchhomeimprovement.com\/es\/wp-json\/wp\/v2\/pages\/1460\/revisions\/2173"}],"wp:attachment":[{"href":"https:\/\/baruchhomeimprovement.com\/es\/wp-json\/wp\/v2\/media?parent=1460"}],"curies":[{"name":"wp","href":"https:\/\/api.w.org\/{rel}","templated":true}]}}