{"id":1333,"date":"2025-10-03T19:39:21","date_gmt":"2025-10-03T19:39:21","guid":{"rendered":"https:\/\/baruchhomeimprovement.com\/?page_id=1333"},"modified":"2025-10-20T01:06:30","modified_gmt":"2025-10-20T01:06:30","slug":"about-us","status":"publish","type":"page","link":"https:\/\/baruchhomeimprovement.com\/es\/about-us\/","title":{"rendered":"Nosotros"},"content":{"rendered":"<div data-elementor-type=\"wp-page\" data-elementor-id=\"1333\" class=\"elementor elementor-1333\" data-elementor-post-type=\"page\">\n\t\t\t\t<div class=\"elementor-element elementor-element-c8f1513 e-flex e-con-boxed e-con e-parent\" data-id=\"c8f1513\" data-element_type=\"container\" data-e-type=\"container\" data-settings=\"{&quot;background_background&quot;:&quot;classic&quot;}\">\n\t\t\t\t\t<div class=\"e-con-inner\">\n\t\t<div class=\"elementor-element elementor-element-e238a3f e-con-full e-flex e-con e-child\" data-id=\"e238a3f\" data-element_type=\"container\" data-e-type=\"container\">\n\t\t\t\t<div class=\"elementor-element elementor-element-024ca05 elementor-widget elementor-widget-heading\" data-id=\"024ca05\" data-element_type=\"widget\" data-e-type=\"widget\" data-widget_type=\"heading.default\">\n\t\t\t\t<div class=\"elementor-widget-container\">\n\t\t\t\t\t<h1 class=\"elementor-heading-title elementor-size-default\">Nosotros<\/h1>\t\t\t\t<\/div>\n\t\t\t\t<\/div>\n\t\t\t\t<div class=\"elementor-element elementor-element-66f6130 elementor-widget-divider--view-line elementor-widget elementor-widget-divider\" data-id=\"66f6130\" data-element_type=\"widget\" data-e-type=\"widget\" data-widget_type=\"divider.default\">\n\t\t\t\t<div class=\"elementor-widget-container\">\n\t\t\t\t\t\t\t<div class=\"elementor-divider\">\n\t\t\t<span class=\"elementor-divider-separator\">\n\t\t\t\t\t\t<\/span>\n\t\t<\/div>\n\t\t\t\t\t\t<\/div>\n\t\t\t\t<\/div>\n\t\t\t\t<\/div>\n\t\t\t\t\t<\/div>\n\t\t\t\t<\/div>\n\t\t<div class=\"elementor-element elementor-element-08fe83c e-flex e-con-boxed e-con e-parent\" data-id=\"08fe83c\" data-element_type=\"container\" data-e-type=\"container\" data-settings=\"{&quot;background_background&quot;:&quot;classic&quot;}\">\n\t\t\t\t\t<div class=\"e-con-inner\">\n\t\t<div class=\"elementor-element elementor-element-4dba799 e-con-full e-flex e-con e-child\" data-id=\"4dba799\" data-element_type=\"container\" data-e-type=\"container\">\n\t\t\t\t<div class=\"elementor-element elementor-element-9eba170 elementor-widget elementor-widget-image\" data-id=\"9eba170\" data-element_type=\"widget\" data-e-type=\"widget\" data-widget_type=\"image.default\">\n\t\t\t\t<div class=\"elementor-widget-container\">\n\t\t\t\t\t\t\t\t\t\t\t\t\t\t\t<img fetchpriority=\"high\" decoding=\"async\" width=\"1024\" height=\"1012\" src=\"https:\/\/baruchhomeimprovement.com\/wp-content\/uploads\/2025\/10\/About-Baruch-Home-Improvement-LLC-1-1024x1012.png\" class=\"attachment-large size-large wp-image-1344\" alt=\"about baruch home improvement llc 1\" srcset=\"https:\/\/baruchhomeimprovement.com\/wp-content\/uploads\/2025\/10\/About-Baruch-Home-Improvement-LLC-1-1024x1012.png 1024w, https:\/\/baruchhomeimprovement.com\/wp-content\/uploads\/2025\/10\/About-Baruch-Home-Improvement-LLC-1-300x296.png 300w, https:\/\/baruchhomeimprovement.com\/wp-content\/uploads\/2025\/10\/About-Baruch-Home-Improvement-LLC-1-768x759.png 768w, https:\/\/baruchhomeimprovement.com\/wp-content\/uploads\/2025\/10\/About-Baruch-Home-Improvement-LLC-1.png 1067w\" sizes=\"(max-width: 1024px) 100vw, 1024px\" title=\"Nosotros\">\t\t\t\t\t\t\t\t\t\t\t\t\t\t\t<\/div>\n\t\t\t\t<\/div>\n\t\t\t\t<\/div>\n\t\t<div class=\"elementor-element elementor-element-5cdfe43 e-con-full e-flex e-con e-child\" data-id=\"5cdfe43\" data-element_type=\"container\" data-e-type=\"container\">\n\t\t\t\t<div class=\"elementor-element elementor-element-6fa3d1c elementor-widget elementor-widget-heading\" data-id=\"6fa3d1c\" data-element_type=\"widget\" data-e-type=\"widget\" data-widget_type=\"heading.default\">\n\t\t\t\t<div class=\"elementor-widget-container\">\n\t\t\t\t\t<h4 class=\"elementor-heading-title elementor-size-default\">Baruch Home Improvement LLC<\/h4>\t\t\t\t<\/div>\n\t\t\t\t<\/div>\n\t\t\t\t<div class=\"elementor-element elementor-element-927eef5 elementor-widget elementor-widget-heading\" data-id=\"927eef5\" data-element_type=\"widget\" data-e-type=\"widget\" data-widget_type=\"heading.default\">\n\t\t\t\t<div class=\"elementor-widget-container\">\n\t\t\t\t\t<h2 class=\"elementor-heading-title elementor-size-default\">Expertos en servicios residenciales y comerciales<\/h2>\t\t\t\t<\/div>\n\t\t\t\t<\/div>\n\t\t\t\t<div class=\"elementor-element elementor-element-4fc0d89 elementor-widget elementor-widget-text-editor\" data-id=\"4fc0d89\" data-element_type=\"widget\" data-e-type=\"widget\" data-widget_type=\"text-editor.default\">\n\t\t\t\t<div class=\"elementor-widget-container\">\n\t\t\t\t\t\t\t\t\t<p>En Baruch Home Improvement LLC, nos enorgullecemos de ofrecer servicios de alta calidad para todo tipo de proyectos residenciales y comerciales. Con m\u00e1s de 15 a\u00f1os de experiencia en el sector de la construcci\u00f3n, hemos perfeccionado nuestro enfoque para ofrecer soluciones eficientes y duraderas que satisfagan las expectativas de nuestros clientes.<\/p><p>Ya sea que necesite instalaciones de canaletas, reparaciones de techos, remodelaci\u00f3n de ba\u00f1os y cocinas o cualquier mejora general del hogar o negocio, Baruch Home Improvement LLC est\u00e1 listo para ayudarlo a hacer realidad sus proyectos.<\/p><p>Somos una empresa comprometida con servicios duraderos y perdurables, profesionalismo y excelencia a precios que se ajustan a su presupuesto.\u00a0<\/p>\t\t\t\t\t\t\t\t<\/div>\n\t\t\t\t<\/div>\n\t\t\t\t<\/div>\n\t\t\t\t\t<\/div>\n\t\t\t\t<\/div>\n\t\t<div class=\"elementor-element elementor-element-a188b66 e-flex e-con-boxed e-con e-parent\" data-id=\"a188b66\" data-element_type=\"container\" data-e-type=\"container\" data-settings=\"{&quot;background_background&quot;:&quot;classic&quot;}\">\n\t\t\t\t\t<div class=\"e-con-inner\">\n\t\t<div class=\"elementor-element elementor-element-2252ae9 e-con-full e-flex e-con e-child\" data-id=\"2252ae9\" data-element_type=\"container\" data-e-type=\"container\" data-settings=\"{&quot;background_background&quot;:&quot;classic&quot;}\">\n\t\t\t\t<div class=\"elementor-element elementor-element-50cc43a elementor-widget elementor-widget-heading\" data-id=\"50cc43a\" data-element_type=\"widget\" data-e-type=\"widget\" data-widget_type=\"heading.default\">\n\t\t\t\t<div class=\"elementor-widget-container\">\n\t\t\t\t\t<h2 class=\"elementor-heading-title elementor-size-default\">Datos interesantes<\/h2>\t\t\t\t<\/div>\n\t\t\t\t<\/div>\n\t\t<div class=\"elementor-element elementor-element-cad849a e-grid e-con-full e-con e-child\" data-id=\"cad849a\" data-element_type=\"container\" data-e-type=\"container\">\n\t\t\t\t<div class=\"elementor-element elementor-element-e9ae024 elementor-widget elementor-widget-counter\" data-id=\"e9ae024\" data-element_type=\"widget\" data-e-type=\"widget\" data-widget_type=\"counter.default\">\n\t\t\t\t<div class=\"elementor-widget-container\">\n\t\t\t\t\t\t\t<div class=\"elementor-counter\">\n\t\t\t<div class=\"elementor-counter-title\">+15 a\u00f1os de experiencia<\/div>\t\t\t<div class=\"elementor-counter-number-wrapper\">\n\t\t\t\t<span class=\"elementor-counter-number-prefix\">+<\/span>\n\t\t\t\t<span class=\"elementor-counter-number\" data-duration=\"2000\" data-to-value=\"15\" data-from-value=\"0\" data-delimiter=\",\">0<\/span>\n\t\t\t\t<span class=\"elementor-counter-number-suffix\"><\/span>\n\t\t\t<\/div>\n\t\t<\/div>\n\t\t\t\t\t\t<\/div>\n\t\t\t\t<\/div>\n\t\t\t\t<div class=\"elementor-element elementor-element-8cbe44f elementor-widget elementor-widget-counter\" data-id=\"8cbe44f\" data-element_type=\"widget\" data-e-type=\"widget\" data-widget_type=\"counter.default\">\n\t\t\t\t<div class=\"elementor-widget-container\">\n\t\t\t\t\t\t\t<div class=\"elementor-counter\">\n\t\t\t<div class=\"elementor-counter-title\">Proyectos completados<\/div>\t\t\t<div class=\"elementor-counter-number-wrapper\">\n\t\t\t\t<span class=\"elementor-counter-number-prefix\"><\/span>\n\t\t\t\t<span class=\"elementor-counter-number\" data-duration=\"2000\" data-to-value=\"100\" data-from-value=\"0\" data-delimiter=\",\">0<\/span>\n\t\t\t\t<span class=\"elementor-counter-number-suffix\">%<\/span>\n\t\t\t<\/div>\n\t\t<\/div>\n\t\t\t\t\t\t<\/div>\n\t\t\t\t<\/div>\n\t\t\t\t<div class=\"elementor-element elementor-element-eb95499 elementor-widget elementor-widget-counter\" data-id=\"eb95499\" data-element_type=\"widget\" data-e-type=\"widget\" data-widget_type=\"counter.default\">\n\t\t\t\t<div class=\"elementor-widget-container\">\n\t\t\t\t\t\t\t<div class=\"elementor-counter\">\n\t\t\t<div class=\"elementor-counter-title\">Recomendaciones de clientes<\/div>\t\t\t<div class=\"elementor-counter-number-wrapper\">\n\t\t\t\t<span class=\"elementor-counter-number-prefix\">+<\/span>\n\t\t\t\t<span class=\"elementor-counter-number\" data-duration=\"2000\" data-to-value=\"350\" data-from-value=\"0\" data-delimiter=\",\">0<\/span>\n\t\t\t\t<span class=\"elementor-counter-number-suffix\"><\/span>\n\t\t\t<\/div>\n\t\t<\/div>\n\t\t\t\t\t\t<\/div>\n\t\t\t\t<\/div>\n\t\t\t\t<div class=\"elementor-element elementor-element-34e3ed7 elementor-widget elementor-widget-counter\" data-id=\"34e3ed7\" data-element_type=\"widget\" data-e-type=\"widget\" data-widget_type=\"counter.default\">\n\t\t\t\t<div class=\"elementor-widget-container\">\n\t\t\t\t\t\t\t<div class=\"elementor-counter\">\n\t\t\t<div class=\"elementor-counter-title\">Nuestros clientes satisfechos<\/div>\t\t\t<div class=\"elementor-counter-number-wrapper\">\n\t\t\t\t<span class=\"elementor-counter-number-prefix\"><\/span>\n\t\t\t\t<span class=\"elementor-counter-number\" data-duration=\"2000\" data-to-value=\"100\" data-from-value=\"0\" data-delimiter=\",\">0<\/span>\n\t\t\t\t<span class=\"elementor-counter-number-suffix\">%<\/span>\n\t\t\t<\/div>\n\t\t<\/div>\n\t\t\t\t\t\t<\/div>\n\t\t\t\t<\/div>\n\t\t\t\t<\/div>\n\t\t\t\t<\/div>\n\t\t\t\t\t<\/div>\n\t\t\t\t<\/div>\n\t\t<div class=\"elementor-element elementor-element-65aa06fa e-flex e-con-boxed e-con e-parent\" data-id=\"65aa06fa\" data-element_type=\"container\" data-e-type=\"container\" data-settings=\"{&quot;background_background&quot;:&quot;classic&quot;}\">\n\t\t\t\t\t<div class=\"e-con-inner\">\n\t\t<div class=\"elementor-element elementor-element-74e74728 e-con-full e-flex e-con e-child\" data-id=\"74e74728\" data-element_type=\"container\" data-e-type=\"container\">\n\t\t\t\t<div class=\"elementor-element elementor-element-2b887d74 elementor-widget elementor-widget-heading\" data-id=\"2b887d74\" data-element_type=\"widget\" data-e-type=\"widget\" data-widget_type=\"heading.default\">\n\t\t\t\t<div class=\"elementor-widget-container\">\n\t\t\t\t\t<h2 class=\"elementor-heading-title elementor-size-default\">\u00a1OBT\u00c9N UN TECHO NUEVO \u2014 SOLO PAGA TU DEDUCIBLE!<\/h2>\t\t\t\t<\/div>\n\t\t\t\t<\/div>\n\t\t\t\t<div class=\"elementor-element elementor-element-37a3eac3 elementor-widget elementor-widget-text-editor\" data-id=\"37a3eac3\" data-element_type=\"widget\" data-e-type=\"widget\" data-widget_type=\"text-editor.default\">\n\t\t\t\t<div class=\"elementor-widget-container\">\n\t\t\t\t\t\t\t\t\t<p data-start=\"420\" data-end=\"612\">At <strong data-start=\"423\" data-end=\"454\">Baruch Home Improvement LLC<\/strong>hacemos que reemplazar tu techo sea f\u00e1cil y accesible. <strong data-start=\"528\" data-end=\"569\">techo completamente nuevo a trav\u00e9s de tu seguro,<\/strong>y lo \u00fanico que pagas es tu <strong data-start=\"595\" data-end=\"609\">deducible.<\/strong>.<\/p><p data-start=\"619\" data-end=\"748\"><strong data-start=\"622\" data-end=\"646\">Inspecci\u00f3n de techo GRATIS \u2013 Sin compromiso<\/strong> \u2014 No obligation<br data-start=\"662\" data-end=\"665\" \/>Licenciados y Asegurados<br data-start=\"702\" data-end=\"705\" \/>Servicio r\u00e1pido, confiable y de alta calidad<\/p><p data-start=\"755\" data-end=\"814\"><strong>No esperes hasta que sea demasiado tarde \u2014 protege tu hogar hoy mismo.<\/strong><\/p>\t\t\t\t\t\t\t\t<\/div>\n\t\t\t\t<\/div>\n\t\t\t\t<div class=\"elementor-element elementor-element-4e557e7 elementor-widget elementor-widget-button\" data-id=\"4e557e7\" data-element_type=\"widget\" data-e-type=\"widget\" data-widget_type=\"button.default\">\n\t\t\t\t<div class=\"elementor-widget-container\">\n\t\t\t\t\t\t\t\t\t<div class=\"elementor-button-wrapper\">\n\t\t\t\t\t<a class=\"elementor-button elementor-button-link elementor-size-sm elementor-animation-pulse-grow\" href=\"tel:&quot;+19086444152&quot;\">\n\t\t\t\t\t\t<span class=\"elementor-button-content-wrapper\">\n\t\t\t\t\t\t<span class=\"elementor-button-icon\">\n\t\t\t\t<i aria-hidden=\"true\" class=\"fas fa-phone-alt\"><\/i>\t\t\t<\/span>\n\t\t\t\t\t\t\t\t\t<span class=\"elementor-button-text\">LLAMA YA PARA ESTIMADOS GRATIS<\/span>\n\t\t\t\t\t<\/span>\n\t\t\t\t\t<\/a>\n\t\t\t\t<\/div>\n\t\t\t\t\t\t\t\t<\/div>\n\t\t\t\t<\/div>\n\t\t\t\t<\/div>\n\t\t<div class=\"elementor-element elementor-element-1b7aba9e e-con-full e-flex elementor-invisible e-con e-child\" data-id=\"1b7aba9e\" data-element_type=\"container\" data-e-type=\"container\" data-settings=\"{&quot;animation&quot;:&quot;fadeInRight&quot;}\">\n\t\t\t\t<div class=\"elementor-element elementor-element-3907184e elementor-widget elementor-widget-image\" data-id=\"3907184e\" data-element_type=\"widget\" data-e-type=\"widget\" data-widget_type=\"image.default\">\n\t\t\t\t<div class=\"elementor-widget-container\">\n\t\t\t\t\t\t\t\t\t\t\t\t\t\t\t<img decoding=\"async\" width=\"1024\" height=\"824\" src=\"https:\/\/baruchhomeimprovement.com\/wp-content\/uploads\/2025\/10\/hombre-trabajando-en-el-techo-con-un-taladro-1024x824.jpg\" class=\"attachment-large size-large wp-image-2125\" alt=\"hombre trabajando en el techo con un taladro\" srcset=\"https:\/\/baruchhomeimprovement.com\/wp-content\/uploads\/2025\/10\/hombre-trabajando-en-el-techo-con-un-taladro-1024x824.jpg 1024w, https:\/\/baruchhomeimprovement.com\/wp-content\/uploads\/2025\/10\/hombre-trabajando-en-el-techo-con-un-taladro-300x241.jpg 300w, https:\/\/baruchhomeimprovement.com\/wp-content\/uploads\/2025\/10\/hombre-trabajando-en-el-techo-con-un-taladro-768x618.jpg 768w, https:\/\/baruchhomeimprovement.com\/wp-content\/uploads\/2025\/10\/hombre-trabajando-en-el-techo-con-un-taladro-1536x1236.jpg 1536w, https:\/\/baruchhomeimprovement.com\/wp-content\/uploads\/2025\/10\/hombre-trabajando-en-el-techo-con-un-taladro-2048x1648.jpg 2048w\" sizes=\"(max-width: 1024px) 100vw, 1024px\" title=\"Nosotros\">\t\t\t\t\t\t\t\t\t\t\t\t\t\t\t<\/div>\n\t\t\t\t<\/div>\n\t\t\t\t<\/div>\n\t\t\t\t\t<\/div>\n\t\t\t\t<\/div>\n\t\t\t\t<\/div>","protected":false},"excerpt":{"rendered":"<p>About Us Baruch Home Improvement LLC Experts in Residential and Commercial Services At Baruch Home Improvement LLC, we take pride in offering high-quality services for all types of residential and commercial projects. With over 15 years of experience in the construction field, we have refined our approach to deliver efficient and durable solutions that meet [&hellip;]<\/p>\n","protected":false},"author":1,"featured_media":0,"parent":0,"menu_order":0,"comment_status":"closed","ping_status":"closed","template":"","meta":{"site-sidebar-layout":"no-sidebar","site-content-layout":"page-builder","ast-site-content-layout":"default","site-content-style":"default","site-sidebar-style":"default","ast-global-header-display":"","ast-banner-title-visibility":"","ast-main-header-display":"","ast-hfb-above-header-display":"","ast-hfb-below-header-display":"","ast-hfb-mobile-header-display":"","site-post-title":"disabled","ast-breadcrumbs-content":"disabled","ast-featured-img":"disabled","footer-sml-layout":"","ast-disable-related-posts":"","theme-transparent-header-meta":"enabled","adv-header-id-meta":"","stick-header-meta":"","header-above-stick-meta":"","header-main-stick-meta":"","header-below-stick-meta":"","astra-migrate-meta-layouts":"default","ast-page-background-enabled":"default","ast-page-background-meta":{"desktop":{"background-color":"","background-image":"","background-repeat":"repeat","background-position":"center center","background-size":"auto","background-attachment":"scroll","background-type":"","background-media":"","overlay-type":"","overlay-color":"","overlay-opacity":"","overlay-gradient":""},"tablet":{"background-color":"","background-image":"","background-repeat":"repeat","background-position":"center center","background-size":"auto","background-attachment":"scroll","background-type":"","background-media":"","overlay-type":"","overlay-color":"","overlay-opacity":"","overlay-gradient":""},"mobile":{"background-color":"","background-image":"","background-repeat":"repeat","background-position":"center center","background-size":"auto","background-attachment":"scroll","background-type":"","background-media":"","overlay-type":"","overlay-color":"","overlay-opacity":"","overlay-gradient":""}},"ast-content-background-meta":{"desktop":{"background-color":"var(--ast-global-color-5)","background-image":"","background-repeat":"repeat","background-position":"center center","background-size":"auto","background-attachment":"scroll","background-type":"","background-media":"","overlay-type":"","overlay-color":"","overlay-opacity":"","overlay-gradient":""},"tablet":{"background-color":"var(--ast-global-color-5)","background-image":"","background-repeat":"repeat","background-position":"center center","background-size":"auto","background-attachment":"scroll","background-type":"","background-media":"","overlay-type":"","overlay-color":"","overlay-opacity":"","overlay-gradient":""},"mobile":{"background-color":"var(--ast-global-color-5)","background-image":"","background-repeat":"repeat","background-position":"center center","background-size":"auto","background-attachment":"scroll","background-type":"","background-media":"","overlay-type":"","overlay-color":"","overlay-opacity":"","overlay-gradient":""}},"footnotes":""},"class_list":["post-1333","page","type-page","status-publish","hentry"],"_links":{"self":[{"href":"https:\/\/baruchhomeimprovement.com\/es\/wp-json\/wp\/v2\/pages\/1333","targetHints":{"allow":["GET"]}}],"collection":[{"href":"https:\/\/baruchhomeimprovement.com\/es\/wp-json\/wp\/v2\/pages"}],"about":[{"href":"https:\/\/baruchhomeimprovement.com\/es\/wp-json\/wp\/v2\/types\/page"}],"author":[{"embeddable":true,"href":"https:\/\/baruchhomeimprovement.com\/es\/wp-json\/wp\/v2\/users\/1"}],"replies":[{"embeddable":true,"href":"https:\/\/baruchhomeimprovement.com\/es\/wp-json\/wp\/v2\/comments?post=1333"}],"version-history":[{"count":82,"href":"https:\/\/baruchhomeimprovement.com\/es\/wp-json\/wp\/v2\/pages\/1333\/revisions"}],"predecessor-version":[{"id":2165,"href":"https:\/\/baruchhomeimprovement.com\/es\/wp-json\/wp\/v2\/pages\/1333\/revisions\/2165"}],"wp:attachment":[{"href":"https:\/\/baruchhomeimprovement.com\/es\/wp-json\/wp\/v2\/media?parent=1333"}],"curies":[{"name":"wp","href":"https:\/\/api.w.org\/{rel}","templated":true}]}}